{"id":11,"date":"2022-03-29T13:59:42","date_gmt":"2022-03-29T13:59:42","guid":{"rendered":"https:\/\/coph2022.pl\/?page_id=11"},"modified":"2022-11-04T13:15:38","modified_gmt":"2022-11-04T13:15:38","slug":"strona-glowna","status":"publish","type":"page","link":"https:\/\/coph2022.pl\/","title":{"rendered":"Strona g\u0142\u00f3wna"},"content":{"rendered":"\t\t<div data-elementor-type=\"wp-page\" data-elementor-id=\"11\" class=\"elementor elementor-11\">\n\t\t\t\t\t\t\t\t\t<section class=\"elementor-section elementor-top-section elementor-element elementor-element-4aa3effa elementor-section-boxed elementor-section-height-default elementor-section-height-default\" data-id=\"4aa3effa\" data-element_type=\"section\">\n\t\t\t\t\t\t\t<div class=\"elementor-background-overlay\"><\/div>\n\t\t\t\t\t\t\t<div class=\"elementor-container elementor-column-gap-default\">\n\t\t\t\t\t<div class=\"elementor-column elementor-col-50 elementor-top-column elementor-element elementor-element-27d17c48\" data-id=\"27d17c48\" data-element_type=\"column\">\n\t\t\t<div class=\"elementor-widget-wrap elementor-element-populated\">\n\t\t\t\t\t\t\t\t<div class=\"elementor-element elementor-element-d950051 elementor-widget elementor-widget-image\" data-id=\"d950051\" data-element_type=\"widget\" data-widget_type=\"image.default\">\n\t\t\t\t<div class=\"elementor-widget-container\">\n\t\t\t<style>\/*! elementor - v3.8.0 - 30-10-2022 *\/\n.elementor-widget-image{text-align:center}.elementor-widget-image a{display:inline-block}.elementor-widget-image a img[src$=\".svg\"]{width:48px}.elementor-widget-image img{vertical-align:middle;display:inline-block}<\/style>\t\t\t\t\t\t\t\t\t\t\t\t<img loading=\"lazy\" decoding=\"async\" width=\"570\" height=\"803\" src=\"https:\/\/coph2022.pl\/wp-content\/uploads\/2022\/10\/kongresowezdj.png\" class=\"attachment-large size-large\" alt=\"\" srcset=\"https:\/\/coph2022.pl\/wp-content\/uploads\/2022\/10\/kongresowezdj.png 570w, https:\/\/coph2022.pl\/wp-content\/uploads\/2022\/10\/kongresowezdj-213x300.png 213w\" sizes=\"(max-width: 570px) 100vw, 570px\" \/>\t\t\t\t\t\t\t\t\t\t\t\t\t\t\t<\/div>\n\t\t\t\t<\/div>\n\t\t\t\t<div class=\"elementor-element elementor-element-4781812 elementor-widget elementor-widget-heading\" data-id=\"4781812\" data-element_type=\"widget\" data-widget_type=\"heading.default\">\n\t\t\t\t<div class=\"elementor-widget-container\">\n\t\t\t<style>\/*! elementor - v3.8.0 - 30-10-2022 *\/\n.elementor-heading-title{padding:0;margin:0;line-height:1}.elementor-widget-heading .elementor-heading-title[class*=elementor-size-]>a{color:inherit;font-size:inherit;line-height:inherit}.elementor-widget-heading .elementor-heading-title.elementor-size-small{font-size:15px}.elementor-widget-heading .elementor-heading-title.elementor-size-medium{font-size:19px}.elementor-widget-heading .elementor-heading-title.elementor-size-large{font-size:29px}.elementor-widget-heading .elementor-heading-title.elementor-size-xl{font-size:39px}.elementor-widget-heading .elementor-heading-title.elementor-size-xxl{font-size:59px}<\/style><h2 class=\"elementor-heading-title elementor-size-default\">Zach\u0119camy do zapoznania si\u0119 z materia\u0142em dotycz\u0105cym Kongresu przygotowanym przez TVP Kultura<\/h2>\t\t<\/div>\n\t\t\t\t<\/div>\n\t\t\t\t<div class=\"elementor-element elementor-element-7498499 elementor-align-center elementor-widget elementor-widget-button\" data-id=\"7498499\" data-element_type=\"widget\" data-widget_type=\"button.default\">\n\t\t\t\t<div class=\"elementor-widget-container\">\n\t\t\t\t\t<div class=\"elementor-button-wrapper\">\n\t\t\t<a href=\"https:\/\/vod.tvp.pl\/programy,88\/informacje-kulturalne-odcinki,273623\/odcinek-3626,S01E3626,377386\" class=\"elementor-button-link elementor-button elementor-size-lg\" role=\"button\">\n\t\t\t\t\t\t<span class=\"elementor-button-content-wrapper\">\n\t\t\t\t\t\t\t<span class=\"elementor-button-icon elementor-align-icon-left\">\n\t\t\t\t<i aria-hidden=\"true\" class=\"icon icon-right-arrow1\"><\/i>\t\t\t<\/span>\n\t\t\t\t\t\t<span class=\"elementor-button-text\">Zobacz wideo<\/span>\n\t\t<\/span>\n\t\t\t\t\t<\/a>\n\t\t<\/div>\n\t\t\t\t<\/div>\n\t\t\t\t<\/div>\n\t\t\t\t<div class=\"elementor-element elementor-element-0ca6af1 elementor-widget elementor-widget-spacer\" data-id=\"0ca6af1\" data-element_type=\"widget\" data-widget_type=\"spacer.default\">\n\t\t\t\t<div class=\"elementor-widget-container\">\n\t\t\t<style>\/*! elementor - v3.8.0 - 30-10-2022 *\/\n.elementor-column .elementor-spacer-inner{height:var(--spacer-size)}.e-con{--container-widget-width:100%}.e-con-inner>.elementor-widget-spacer,.e-con>.elementor-widget-spacer{width:var(--container-widget-width,var(--spacer-size));-ms-flex-item-align:stretch;align-self:stretch;-ms-flex-negative:0;flex-shrink:0}.e-con-inner>.elementor-widget-spacer>.elementor-widget-container,.e-con-inner>.elementor-widget-spacer>.elementor-widget-container>.elementor-spacer,.e-con>.elementor-widget-spacer>.elementor-widget-container,.e-con>.elementor-widget-spacer>.elementor-widget-container>.elementor-spacer{height:100%}.e-con-inner>.elementor-widget-spacer>.elementor-widget-container>.elementor-spacer>.elementor-spacer-inner,.e-con>.elementor-widget-spacer>.elementor-widget-container>.elementor-spacer>.elementor-spacer-inner{height:var(--container-widget-height,var(--spacer-size))}<\/style>\t\t<div class=\"elementor-spacer\">\n\t\t\t<div class=\"elementor-spacer-inner\"><\/div>\n\t\t<\/div>\n\t\t\t\t<\/div>\n\t\t\t\t<\/div>\n\t\t\t\t<div class=\"elementor-element elementor-element-570bc3f elementor-widget elementor-widget-heading\" data-id=\"570bc3f\" data-element_type=\"widget\" data-widget_type=\"heading.default\">\n\t\t\t\t<div class=\"elementor-widget-container\">\n\t\t\t<h2 class=\"elementor-heading-title elementor-size-default\">IV Kongres Zagranicznych Badaczy Dziej\u00f3w Polski \u201eSpotkania Kultur\u201d<\/h2>\t\t<\/div>\n\t\t\t\t<\/div>\n\t\t\t\t<div class=\"elementor-element elementor-element-09e39d5 elementor-widget elementor-widget-spacer\" data-id=\"09e39d5\" data-element_type=\"widget\" data-widget_type=\"spacer.default\">\n\t\t\t\t<div class=\"elementor-widget-container\">\n\t\t\t\t\t<div class=\"elementor-spacer\">\n\t\t\t<div class=\"elementor-spacer-inner\"><\/div>\n\t\t<\/div>\n\t\t\t\t<\/div>\n\t\t\t\t<\/div>\n\t\t\t\t<div class=\"elementor-element elementor-element-27a830d elementor-widget elementor-widget-heading\" data-id=\"27a830d\" data-element_type=\"widget\" data-widget_type=\"heading.default\">\n\t\t\t\t<div class=\"elementor-widget-container\">\n\t\t\t<h2 class=\"elementor-heading-title elementor-size-default\">W dniach <b>19-22 pa\u017adziernika 2022 roku<\/b> w Krakowie odb\u0119dzie si\u0119  \n IV Kongres\nBadaczy Dziej\u00f3w Polski. To niezwyk\u0142e wydarzenie jest organizowane przez krakowskich\nhistoryk\u00f3w zrzeszonych w Polskim Towarzystwie Historycznym, a wsp\u00f3\u0142organizowane przez\nUniwersytet Jagiello\u0144ski, Uniwersytet Pedagogiczny w Krakowie, Muzeum Historii Polski. Muzeum Krakowa   i Mi\u0119dzynarodowe Centrum Kultury.\n <\/h2>\t\t<\/div>\n\t\t\t\t<\/div>\n\t\t\t\t<div class=\"elementor-element elementor-element-c3cc8ad elementor-widget elementor-widget-heading\" data-id=\"c3cc8ad\" data-element_type=\"widget\" data-widget_type=\"heading.default\">\n\t\t\t\t<div class=\"elementor-widget-container\">\n\t\t\t<h2 class=\"elementor-heading-title elementor-size-default\">Tematem Kongresu b\u0119d\u0105 \u201eSpotkania kultur\u201d. Chcemy przyjrze\u0107 si\u0119 historii ziem\npolskich przez pryzmat wzajemnych relacji i oddzia\u0142ywa\u0144 r\u00f3\u017cnych nurt\u00f3w\ni wzorc\u00f3w kulturowych obecnych tu przez dekady czy stulecia. Idee i dobra, zwyczaje i\nwzorce, to\u017csamo\u015bci i j\u0119zyki spotyka\u0142y si\u0119 tu ze sob\u0105 niczym w tyglu. Kulturowa, etniczna,\nj\u0119zykowa, religijna, gospodarcza, demograficzna i\u202fspo\u0142eczna r\u00f3\u017cnorodno\u015b\u0107 stanowi\u0142a bowiem\ndominant\u0119 dziej\u00f3w   Polski,   kt\u00f3ra wyry\u0142a  trwa\u0142y  \u015blad w  naszym  dorobku   kulturowym   i zbiorowej to\u017csamo\u015bci.\n<\/h2>\t\t<\/div>\n\t\t\t\t<\/div>\n\t\t\t\t<div class=\"elementor-element elementor-element-bf672a3 elementor-widget elementor-widget-heading\" data-id=\"bf672a3\" data-element_type=\"widget\" data-widget_type=\"heading.default\">\n\t\t\t\t<div class=\"elementor-widget-container\">\n\t\t\t<h2 class=\"elementor-heading-title elementor-size-default\">Zapraszaj\u0105c badaczy zainteresowanych dziejami Polski do Krakowa pragniemy zada\u0107\npytania o dynamik\u0119, skal\u0119 i\u202fz\u0142o\u017cono\u015b\u0107 tych oddzia\u0142ywa\u0144, g\u0142\u00f3wne kierunki transmisji i\nretransmisji, a tak\u017ce przyjrze\u0107 si\u0119 temu, jakie skutki dla historii Polski nios\u0142y ze sob\u0105\nspotkania kultur.\n<\/h2>\t\t<\/div>\n\t\t\t\t<\/div>\n\t\t\t\t<div class=\"elementor-element elementor-element-fc571ff elementor-widget elementor-widget-heading\" data-id=\"fc571ff\" data-element_type=\"widget\" data-widget_type=\"heading.default\">\n\t\t\t\t<div class=\"elementor-widget-container\">\n\t\t\t<h2 class=\"elementor-heading-title elementor-size-default\">Do udzia\u0142u w Kongresie zaprosili\u015bmy reprezentant\u00f3w r\u00f3\u017cnych dyscyplin: historyk\u00f3w,\narcheolog\u00f3w, historyk\u00f3w sztuki, antropolog\u00f3w, socjolog\u00f3w, literaturoznawc\u00f3w,\nj\u0119zykoznawc\u00f3w czy kulturoznawc\u00f3w. Swoje sesje b\u0119d\u0105 mieli doktoranci i studenci. Odb\u0119dzie\nsi\u0119 sesja posterowa oraz kolejna edycja konkursu \u201ePro Historia Polonorum\u201d na najlepsz\u0105\nzagraniczn\u0105 ksi\u0105\u017ck\u0119 o historii Polski wydan\u0105 w ci\u0105gu ostatnich lat oraz inne wydarzenia\ntowarzysz\u0105ce, w tym promocja Krakowa jako miasta uniwersyteckiego.<\/h2>\t\t<\/div>\n\t\t\t\t<\/div>\n\t\t\t\t<div class=\"elementor-element elementor-element-084fabf elementor-widget elementor-widget-heading\" data-id=\"084fabf\" data-element_type=\"widget\" data-widget_type=\"heading.default\">\n\t\t\t\t<div class=\"elementor-widget-container\">\n\t\t\t<h2 class=\"elementor-heading-title elementor-size-default\">Agnieszka Ch\u0142osta-Sikorska i Marcin Jarz\u0105bek\n\n<br>Wsp\u00f3\u0142przewodnicz\u0105cy Komitetu Organizacyjnego<br><\/h2>\t\t<\/div>\n\t\t\t\t<\/div>\n\t\t\t\t<div class=\"elementor-element elementor-element-dde4416 elementor-widget elementor-widget-spacer\" data-id=\"dde4416\" data-element_type=\"widget\" data-widget_type=\"spacer.default\">\n\t\t\t\t<div class=\"elementor-widget-container\">\n\t\t\t\t\t<div class=\"elementor-spacer\">\n\t\t\t<div class=\"elementor-spacer-inner\"><\/div>\n\t\t<\/div>\n\t\t\t\t<\/div>\n\t\t\t\t<\/div>\n\t\t\t\t<div class=\"elementor-element elementor-element-80982bb elementor-widget elementor-widget-spacer\" data-id=\"80982bb\" data-element_type=\"widget\" data-widget_type=\"spacer.default\">\n\t\t\t\t<div class=\"elementor-widget-container\">\n\t\t\t\t\t<div class=\"elementor-spacer\">\n\t\t\t<div class=\"elementor-spacer-inner\"><\/div>\n\t\t<\/div>\n\t\t\t\t<\/div>\n\t\t\t\t<\/div>\n\t\t\t\t\t<\/div>\n\t\t<\/div>\n\t\t\t\t<div class=\"elementor-column elementor-col-50 elementor-top-column elementor-element elementor-element-4540bc25\" data-id=\"4540bc25\" data-element_type=\"column\">\n\t\t\t<div class=\"elementor-widget-wrap elementor-element-populated\">\n\t\t\t\t\t\t\t\t<section class=\"elementor-section elementor-inner-section elementor-element elementor-element-7057c379 elementor-section-boxed elementor-section-height-default elementor-section-height-default\" data-id=\"7057c379\" data-element_type=\"section\" data-settings=\"{&quot;background_background&quot;:&quot;classic&quot;}\">\n\t\t\t\t\t\t<div class=\"elementor-container elementor-column-gap-default\">\n\t\t\t\t\t<div class=\"elementor-column elementor-col-100 elementor-inner-column elementor-element elementor-element-4bb8444b\" data-id=\"4bb8444b\" data-element_type=\"column\">\n\t\t\t<div class=\"elementor-widget-wrap elementor-element-populated\">\n\t\t\t\t\t\t\t\t<div class=\"elementor-element elementor-element-2a401c5d elementor-widget elementor-widget-heading\" data-id=\"2a401c5d\" data-element_type=\"widget\" data-widget_type=\"heading.default\">\n\t\t\t\t<div class=\"elementor-widget-container\">\n\t\t\t<h2 class=\"elementor-heading-title elementor-size-default\">Sekretariat Kongresu<\/h2>\t\t<\/div>\n\t\t\t\t<\/div>\n\t\t\t\t<div class=\"elementor-element elementor-element-2ba23943 elementor-widget elementor-widget-spacer\" data-id=\"2ba23943\" data-element_type=\"widget\" data-widget_type=\"spacer.default\">\n\t\t\t\t<div class=\"elementor-widget-container\">\n\t\t\t\t\t<div class=\"elementor-spacer\">\n\t\t\t<div class=\"elementor-spacer-inner\"><\/div>\n\t\t<\/div>\n\t\t\t\t<\/div>\n\t\t\t\t<\/div>\n\t\t\t\t<div class=\"elementor-element elementor-element-4600f91b elementor-widget elementor-widget-heading\" data-id=\"4600f91b\" data-element_type=\"widget\" data-widget_type=\"heading.default\">\n\t\t\t\t<div class=\"elementor-widget-container\">\n\t\t\t<h2 class=\"elementor-heading-title elementor-size-default\">Polskie Towarzystwo Historyczne Oddzia\u0142 w Krakowie\nul. Go\u0142\u0119bia 13 31-007 Krak\u00f3w\nemail: <b>sekretariat.ivkongres@uj.edu.pl<\/b><\/h2>\t\t<\/div>\n\t\t\t\t<\/div>\n\t\t\t\t\t<\/div>\n\t\t<\/div>\n\t\t\t\t\t\t\t<\/div>\n\t\t<\/section>\n\t\t\t\t<div class=\"elementor-element elementor-element-52c2975d elementor-widget-divider--view-line elementor-widget elementor-widget-divider\" data-id=\"52c2975d\" data-element_type=\"widget\" data-widget_type=\"divider.default\">\n\t\t\t\t<div class=\"elementor-widget-container\">\n\t\t\t<style>\/*! elementor - v3.8.0 - 30-10-2022 *\/\n.elementor-widget-divider{--divider-border-style:none;--divider-border-width:1px;--divider-color:#2c2c2c;--divider-icon-size:20px;--divider-element-spacing:10px;--divider-pattern-height:24px;--divider-pattern-size:20px;--divider-pattern-url:none;--divider-pattern-repeat:repeat-x}.elementor-widget-divider .elementor-divider{display:-webkit-box;display:-ms-flexbox;display:flex}.elementor-widget-divider .elementor-divider__text{font-size:15px;line-height:1;max-width:95%}.elementor-widget-divider .elementor-divider__element{margin:0 var(--divider-element-spacing);-ms-flex-negative:0;flex-shrink:0}.elementor-widget-divider .elementor-icon{font-size:var(--divider-icon-size)}.elementor-widget-divider .elementor-divider-separator{display:-webkit-box;display:-ms-flexbox;display:flex;margin:0;direction:ltr}.elementor-widget-divider--view-line_icon .elementor-divider-separator,.elementor-widget-divider--view-line_text .elementor-divider-separator{-webkit-box-align:center;-ms-flex-align:center;align-items:center}.elementor-widget-divider--view-line_icon .elementor-divider-separator:after,.elementor-widget-divider--view-line_icon .elementor-divider-separator:before,.elementor-widget-divider--view-line_text .elementor-divider-separator:after,.elementor-widget-divider--view-line_text .elementor-divider-separator:before{display:block;content:\"\";border-bottom:0;-webkit-box-flex:1;-ms-flex-positive:1;flex-grow:1;border-top:var(--divider-border-width) var(--divider-border-style) var(--divider-color)}.elementor-widget-divider--element-align-left .elementor-divider .elementor-divider-separator>.elementor-divider__svg:first-of-type{-webkit-box-flex:0;-ms-flex-positive:0;flex-grow:0;-ms-flex-negative:100;flex-shrink:100}.elementor-widget-divider--element-align-left .elementor-divider-separator:before{content:none}.elementor-widget-divider--element-align-left .elementor-divider__element{margin-left:0}.elementor-widget-divider--element-align-right .elementor-divider .elementor-divider-separator>.elementor-divider__svg:last-of-type{-webkit-box-flex:0;-ms-flex-positive:0;flex-grow:0;-ms-flex-negative:100;flex-shrink:100}.elementor-widget-divider--element-align-right .elementor-divider-separator:after{content:none}.elementor-widget-divider--element-align-right .elementor-divider__element{margin-right:0}.elementor-widget-divider:not(.elementor-widget-divider--view-line_text):not(.elementor-widget-divider--view-line_icon) .elementor-divider-separator{border-top:var(--divider-border-width) var(--divider-border-style) var(--divider-color)}.elementor-widget-divider--separator-type-pattern{--divider-border-style:none}.elementor-widget-divider--separator-type-pattern.elementor-widget-divider--view-line .elementor-divider-separator,.elementor-widget-divider--separator-type-pattern:not(.elementor-widget-divider--view-line) .elementor-divider-separator:after,.elementor-widget-divider--separator-type-pattern:not(.elementor-widget-divider--view-line) .elementor-divider-separator:before,.elementor-widget-divider--separator-type-pattern:not([class*=elementor-widget-divider--view]) .elementor-divider-separator{width:100%;min-height:var(--divider-pattern-height);-webkit-mask-size:var(--divider-pattern-size) 100%;mask-size:var(--divider-pattern-size) 100%;-webkit-mask-repeat:var(--divider-pattern-repeat);mask-repeat:var(--divider-pattern-repeat);background-color:var(--divider-color);-webkit-mask-image:var(--divider-pattern-url);mask-image:var(--divider-pattern-url)}.elementor-widget-divider--no-spacing{--divider-pattern-size:auto}.elementor-widget-divider--bg-round{--divider-pattern-repeat:round}.rtl .elementor-widget-divider .elementor-divider__text{direction:rtl}.e-con-inner>.elementor-widget-divider,.e-con>.elementor-widget-divider{width:var(--container-widget-width,100%)}<\/style>\t\t<div class=\"elementor-divider\">\n\t\t\t<span class=\"elementor-divider-separator\">\n\t\t\t\t\t\t<\/span>\n\t\t<\/div>\n\t\t\t\t<\/div>\n\t\t\t\t<\/div>\n\t\t\t\t<div class=\"elementor-element elementor-element-61d333d7 elementor-widget elementor-widget-image\" data-id=\"61d333d7\" data-element_type=\"widget\" data-widget_type=\"image.default\">\n\t\t\t\t<div class=\"elementor-widget-container\">\n\t\t\t\t\t\t\t\t\t\t\t\t\t\t\t<img loading=\"lazy\" decoding=\"async\" width=\"800\" height=\"202\" src=\"https:\/\/coph2022.pl\/wp-content\/uploads\/2022\/06\/logo_tekst_pth-1024x258.png\" class=\"attachment-large size-large\" alt=\"\" srcset=\"https:\/\/coph2022.pl\/wp-content\/uploads\/2022\/06\/logo_tekst_pth-1024x258.png 1024w, https:\/\/coph2022.pl\/wp-content\/uploads\/2022\/06\/logo_tekst_pth-300x75.png 300w, https:\/\/coph2022.pl\/wp-content\/uploads\/2022\/06\/logo_tekst_pth-768x193.png 768w, https:\/\/coph2022.pl\/wp-content\/uploads\/2022\/06\/logo_tekst_pth.png 1391w\" sizes=\"(max-width: 800px) 100vw, 800px\" \/>\t\t\t\t\t\t\t\t\t\t\t\t\t\t\t<\/div>\n\t\t\t\t<\/div>\n\t\t\t\t<div class=\"elementor-element elementor-element-1ef9219e elementor-widget-divider--view-line elementor-widget elementor-widget-divider\" data-id=\"1ef9219e\" data-element_type=\"widget\" data-widget_type=\"divider.default\">\n\t\t\t\t<div class=\"elementor-widget-container\">\n\t\t\t\t\t<div class=\"elementor-divider\">\n\t\t\t<span class=\"elementor-divider-separator\">\n\t\t\t\t\t\t<\/span>\n\t\t<\/div>\n\t\t\t\t<\/div>\n\t\t\t\t<\/div>\n\t\t\t\t<div class=\"elementor-element elementor-element-4118a6e2 elementor-widget elementor-widget-image\" data-id=\"4118a6e2\" data-element_type=\"widget\" data-widget_type=\"image.default\">\n\t\t\t\t<div class=\"elementor-widget-container\">\n\t\t\t\t\t\t\t\t\t\t\t\t\t\t\t<img loading=\"lazy\" decoding=\"async\" width=\"800\" height=\"255\" src=\"https:\/\/coph2022.pl\/wp-content\/uploads\/2022\/06\/Bez-nazwy1-1024x326.jpg\" class=\"attachment-large size-large\" alt=\"\" srcset=\"https:\/\/coph2022.pl\/wp-content\/uploads\/2022\/06\/Bez-nazwy1-1024x326.jpg 1024w, https:\/\/coph2022.pl\/wp-content\/uploads\/2022\/06\/Bez-nazwy1-300x95.jpg 300w, https:\/\/coph2022.pl\/wp-content\/uploads\/2022\/06\/Bez-nazwy1-768x244.jpg 768w, https:\/\/coph2022.pl\/wp-content\/uploads\/2022\/06\/Bez-nazwy1-1536x489.jpg 1536w, https:\/\/coph2022.pl\/wp-content\/uploads\/2022\/06\/Bez-nazwy1.jpg 1873w\" sizes=\"(max-width: 800px) 100vw, 800px\" \/>\t\t\t\t\t\t\t\t\t\t\t\t\t\t\t<\/div>\n\t\t\t\t<\/div>\n\t\t\t\t<div class=\"elementor-element elementor-element-52db7a75 elementor-widget-divider--view-line elementor-widget elementor-widget-divider\" data-id=\"52db7a75\" data-element_type=\"widget\" data-widget_type=\"divider.default\">\n\t\t\t\t<div class=\"elementor-widget-container\">\n\t\t\t\t\t<div class=\"elementor-divider\">\n\t\t\t<span class=\"elementor-divider-separator\">\n\t\t\t\t\t\t<\/span>\n\t\t<\/div>\n\t\t\t\t<\/div>\n\t\t\t\t<\/div>\n\t\t\t\t<div class=\"elementor-element elementor-element-19f53a43 elementor-widget elementor-widget-image\" data-id=\"19f53a43\" data-element_type=\"widget\" data-widget_type=\"image.default\">\n\t\t\t\t<div class=\"elementor-widget-container\">\n\t\t\t\t\t\t\t\t\t\t\t\t\t\t\t<img loading=\"lazy\" decoding=\"async\" width=\"800\" height=\"800\" src=\"https:\/\/coph2022.pl\/wp-content\/uploads\/2022\/06\/logoUP_organizator-1024x1024.png\" class=\"attachment-large size-large\" alt=\"\" srcset=\"https:\/\/coph2022.pl\/wp-content\/uploads\/2022\/06\/logoUP_organizator-1024x1024.png 1024w, https:\/\/coph2022.pl\/wp-content\/uploads\/2022\/06\/logoUP_organizator-300x300.png 300w, https:\/\/coph2022.pl\/wp-content\/uploads\/2022\/06\/logoUP_organizator-150x150.png 150w, https:\/\/coph2022.pl\/wp-content\/uploads\/2022\/06\/logoUP_organizator-768x769.png 768w, https:\/\/coph2022.pl\/wp-content\/uploads\/2022\/06\/logoUP_organizator.png 1439w\" sizes=\"(max-width: 800px) 100vw, 800px\" \/>\t\t\t\t\t\t\t\t\t\t\t\t\t\t\t<\/div>\n\t\t\t\t<\/div>\n\t\t\t\t<div class=\"elementor-element elementor-element-6c9b5d99 elementor-widget-divider--view-line elementor-widget elementor-widget-divider\" data-id=\"6c9b5d99\" data-element_type=\"widget\" data-widget_type=\"divider.default\">\n\t\t\t\t<div class=\"elementor-widget-container\">\n\t\t\t\t\t<div class=\"elementor-divider\">\n\t\t\t<span class=\"elementor-divider-separator\">\n\t\t\t\t\t\t<\/span>\n\t\t<\/div>\n\t\t\t\t<\/div>\n\t\t\t\t<\/div>\n\t\t\t\t\t<\/div>\n\t\t<\/div>\n\t\t\t\t\t\t\t<\/div>\n\t\t<\/section>\n\t\t\t\t\t\t\t<\/div>\n\t\t","protected":false},"excerpt":{"rendered":"<p>Zach\u0119camy do zapoznania si\u0119 z materia\u0142em dotycz\u0105cym Kongresu przygotowanym przez TVP Kultura Zobacz wideo IV Kongres Zagranicznych Badaczy Dziej\u00f3w Polski \u201eSpotkania Kultur\u201d W dniach 19-22 pa\u017adziernika 2022 roku w Krakowie odb\u0119dzie si\u0119 IV Kongres Badaczy Dziej\u00f3w Polski. To niezwyk\u0142e wydarzenie jest organizowane przez krakowskich historyk\u00f3w zrzeszonych w Polskim Towarzystwie Historycznym, a wsp\u00f3\u0142organizowane przez Uniwersytet Jagiello\u0144ski, [&hellip;]<\/p>\n","protected":false},"author":1,"featured_media":0,"parent":0,"menu_order":0,"comment_status":"closed","ping_status":"closed","template":"elementor_header_footer","meta":{"footnotes":""},"_links":{"self":[{"href":"https:\/\/coph2022.pl\/index.php?rest_route=\/wp\/v2\/pages\/11"}],"collection":[{"href":"https:\/\/coph2022.pl\/index.php?rest_route=\/wp\/v2\/pages"}],"about":[{"href":"https:\/\/coph2022.pl\/index.php?rest_route=\/wp\/v2\/types\/page"}],"author":[{"embeddable":true,"href":"https:\/\/coph2022.pl\/index.php?rest_route=\/wp\/v2\/users\/1"}],"replies":[{"embeddable":true,"href":"https:\/\/coph2022.pl\/index.php?rest_route=%2Fwp%2Fv2%2Fcomments&post=11"}],"version-history":[{"count":250,"href":"https:\/\/coph2022.pl\/index.php?rest_route=\/wp\/v2\/pages\/11\/revisions"}],"predecessor-version":[{"id":1903,"href":"https:\/\/coph2022.pl\/index.php?rest_route=\/wp\/v2\/pages\/11\/revisions\/1903"}],"wp:attachment":[{"href":"https:\/\/coph2022.pl\/index.php?rest_route=%2Fwp%2Fv2%2Fmedia&parent=11"}],"curies":[{"name":"wp","href":"https:\/\/api.w.org\/{rel}","templated":true}]}}