{"id":246,"date":"2022-05-30T09:56:52","date_gmt":"2022-05-30T09:56:52","guid":{"rendered":"https:\/\/coph2022.pl\/?page_id=246"},"modified":"2022-10-13T08:15:08","modified_gmt":"2022-10-13T08:15:08","slug":"organizatorzy-i-partnerzy","status":"publish","type":"page","link":"https:\/\/coph2022.pl\/?page_id=246","title":{"rendered":"Organizatorzy i partnerzy"},"content":{"rendered":"\t\t<div data-elementor-type=\"wp-page\" data-elementor-id=\"246\" class=\"elementor elementor-246\">\n\t\t\t\t\t\t\t\t\t<section class=\"elementor-section elementor-top-section elementor-element elementor-element-4275a3c elementor-section-boxed elementor-section-height-default elementor-section-height-default\" data-id=\"4275a3c\" data-element_type=\"section\">\n\t\t\t\t\t\t\t<div class=\"elementor-background-overlay\"><\/div>\n\t\t\t\t\t\t\t<div class=\"elementor-container elementor-column-gap-default\">\n\t\t\t\t\t<div class=\"elementor-column elementor-col-100 elementor-top-column elementor-element elementor-element-8f68434\" data-id=\"8f68434\" data-element_type=\"column\">\n\t\t\t<div class=\"elementor-widget-wrap elementor-element-populated\">\n\t\t\t\t\t\t\t\t<div class=\"elementor-element elementor-element-b7babb3 elementor-widget elementor-widget-heading\" data-id=\"b7babb3\" data-element_type=\"widget\" data-widget_type=\"heading.default\">\n\t\t\t\t<div class=\"elementor-widget-container\">\n\t\t\t<style>\/*! elementor - v3.8.0 - 30-10-2022 *\/\n.elementor-heading-title{padding:0;margin:0;line-height:1}.elementor-widget-heading .elementor-heading-title[class*=elementor-size-]>a{color:inherit;font-size:inherit;line-height:inherit}.elementor-widget-heading .elementor-heading-title.elementor-size-small{font-size:15px}.elementor-widget-heading .elementor-heading-title.elementor-size-medium{font-size:19px}.elementor-widget-heading .elementor-heading-title.elementor-size-large{font-size:29px}.elementor-widget-heading .elementor-heading-title.elementor-size-xl{font-size:39px}.elementor-widget-heading .elementor-heading-title.elementor-size-xxl{font-size:59px}<\/style><h2 class=\"elementor-heading-title elementor-size-default\">PATRONAT HONOROWY\nPRZYJ\u0118LI:<\/h2>\t\t<\/div>\n\t\t\t\t<\/div>\n\t\t\t\t<div class=\"elementor-element elementor-element-d6f9af9 elementor-widget elementor-widget-image\" data-id=\"d6f9af9\" data-element_type=\"widget\" data-widget_type=\"image.default\">\n\t\t\t\t<div class=\"elementor-widget-container\">\n\t\t\t<style>\/*! elementor - v3.8.0 - 30-10-2022 *\/\n.elementor-widget-image{text-align:center}.elementor-widget-image a{display:inline-block}.elementor-widget-image a img[src$=\".svg\"]{width:48px}.elementor-widget-image img{vertical-align:middle;display:inline-block}<\/style>\t\t\t\t\t\t\t\t\t\t\t\t<img loading=\"lazy\" decoding=\"async\" width=\"800\" height=\"321\" src=\"https:\/\/coph2022.pl\/wp-content\/uploads\/2022\/10\/11.png\" class=\"attachment-large size-large\" alt=\"\" srcset=\"https:\/\/coph2022.pl\/wp-content\/uploads\/2022\/10\/11.png 938w, https:\/\/coph2022.pl\/wp-content\/uploads\/2022\/10\/11-300x120.png 300w, https:\/\/coph2022.pl\/wp-content\/uploads\/2022\/10\/11-768x308.png 768w\" sizes=\"(max-width: 800px) 100vw, 800px\" \/>\t\t\t\t\t\t\t\t\t\t\t\t\t\t\t<\/div>\n\t\t\t\t<\/div>\n\t\t\t\t<div class=\"elementor-element elementor-element-cd39d42 elementor-widget elementor-widget-heading\" data-id=\"cd39d42\" data-element_type=\"widget\" data-widget_type=\"heading.default\">\n\t\t\t\t<div class=\"elementor-widget-container\">\n\t\t\t<h2 class=\"elementor-heading-title elementor-size-default\">ORGANIZATORZY:<\/h2>\t\t<\/div>\n\t\t\t\t<\/div>\n\t\t\t\t<div class=\"elementor-element elementor-element-82e561b elementor-widget elementor-widget-image\" data-id=\"82e561b\" data-element_type=\"widget\" data-widget_type=\"image.default\">\n\t\t\t\t<div class=\"elementor-widget-container\">\n\t\t\t\t\t\t\t\t\t\t\t\t\t\t\t<img loading=\"lazy\" decoding=\"async\" width=\"800\" height=\"221\" src=\"https:\/\/coph2022.pl\/wp-content\/uploads\/2022\/10\/12-1024x283.png\" class=\"attachment-large size-large\" alt=\"\" srcset=\"https:\/\/coph2022.pl\/wp-content\/uploads\/2022\/10\/12-1024x283.png 1024w, https:\/\/coph2022.pl\/wp-content\/uploads\/2022\/10\/12-300x83.png 300w, https:\/\/coph2022.pl\/wp-content\/uploads\/2022\/10\/12-768x212.png 768w, https:\/\/coph2022.pl\/wp-content\/uploads\/2022\/10\/12.png 1093w\" sizes=\"(max-width: 800px) 100vw, 800px\" \/>\t\t\t\t\t\t\t\t\t\t\t\t\t\t\t<\/div>\n\t\t\t\t<\/div>\n\t\t\t\t<div class=\"elementor-element elementor-element-4a150ff elementor-widget elementor-widget-heading\" data-id=\"4a150ff\" data-element_type=\"widget\" data-widget_type=\"heading.default\">\n\t\t\t\t<div class=\"elementor-widget-container\">\n\t\t\t<h2 class=\"elementor-heading-title elementor-size-default\">WSP\u00d3\u0141ORGANIZATORZY:<\/h2>\t\t<\/div>\n\t\t\t\t<\/div>\n\t\t\t\t<div class=\"elementor-element elementor-element-64528cb elementor-widget elementor-widget-image\" data-id=\"64528cb\" data-element_type=\"widget\" data-widget_type=\"image.default\">\n\t\t\t\t<div class=\"elementor-widget-container\">\n\t\t\t\t\t\t\t\t\t\t\t\t\t\t\t<img loading=\"lazy\" decoding=\"async\" width=\"800\" height=\"112\" src=\"https:\/\/coph2022.pl\/wp-content\/uploads\/2022\/10\/13-1024x143.png\" class=\"attachment-large size-large\" alt=\"\" srcset=\"https:\/\/coph2022.pl\/wp-content\/uploads\/2022\/10\/13-1024x143.png 1024w, https:\/\/coph2022.pl\/wp-content\/uploads\/2022\/10\/13-300x42.png 300w, https:\/\/coph2022.pl\/wp-content\/uploads\/2022\/10\/13-768x107.png 768w, https:\/\/coph2022.pl\/wp-content\/uploads\/2022\/10\/13.png 1235w\" sizes=\"(max-width: 800px) 100vw, 800px\" \/>\t\t\t\t\t\t\t\t\t\t\t\t\t\t\t<\/div>\n\t\t\t\t<\/div>\n\t\t\t\t<div class=\"elementor-element elementor-element-ef5171e elementor-widget elementor-widget-heading\" data-id=\"ef5171e\" data-element_type=\"widget\" data-widget_type=\"heading.default\">\n\t\t\t\t<div class=\"elementor-widget-container\">\n\t\t\t<h2 class=\"elementor-heading-title elementor-size-default\">PATRONAT MEDIALNY:<\/h2>\t\t<\/div>\n\t\t\t\t<\/div>\n\t\t\t\t<div class=\"elementor-element elementor-element-a523004 elementor-widget elementor-widget-image\" data-id=\"a523004\" data-element_type=\"widget\" data-widget_type=\"image.default\">\n\t\t\t\t<div class=\"elementor-widget-container\">\n\t\t\t\t\t\t\t\t\t\t\t\t\t\t\t<img loading=\"lazy\" decoding=\"async\" width=\"800\" height=\"109\" src=\"https:\/\/coph2022.pl\/wp-content\/uploads\/2022\/10\/14-1024x140.png\" class=\"attachment-large size-large\" alt=\"\" srcset=\"https:\/\/coph2022.pl\/wp-content\/uploads\/2022\/10\/14-1024x140.png 1024w, https:\/\/coph2022.pl\/wp-content\/uploads\/2022\/10\/14-300x41.png 300w, https:\/\/coph2022.pl\/wp-content\/uploads\/2022\/10\/14-768x105.png 768w, https:\/\/coph2022.pl\/wp-content\/uploads\/2022\/10\/14.png 1235w\" sizes=\"(max-width: 800px) 100vw, 800px\" \/>\t\t\t\t\t\t\t\t\t\t\t\t\t\t\t<\/div>\n\t\t\t\t<\/div>\n\t\t\t\t<div class=\"elementor-element elementor-element-fcb0731 elementor-widget elementor-widget-spacer\" data-id=\"fcb0731\" data-element_type=\"widget\" data-widget_type=\"spacer.default\">\n\t\t\t\t<div class=\"elementor-widget-container\">\n\t\t\t<style>\/*! elementor - v3.8.0 - 30-10-2022 *\/\n.elementor-column .elementor-spacer-inner{height:var(--spacer-size)}.e-con{--container-widget-width:100%}.e-con-inner>.elementor-widget-spacer,.e-con>.elementor-widget-spacer{width:var(--container-widget-width,var(--spacer-size));-ms-flex-item-align:stretch;align-self:stretch;-ms-flex-negative:0;flex-shrink:0}.e-con-inner>.elementor-widget-spacer>.elementor-widget-container,.e-con-inner>.elementor-widget-spacer>.elementor-widget-container>.elementor-spacer,.e-con>.elementor-widget-spacer>.elementor-widget-container,.e-con>.elementor-widget-spacer>.elementor-widget-container>.elementor-spacer{height:100%}.e-con-inner>.elementor-widget-spacer>.elementor-widget-container>.elementor-spacer>.elementor-spacer-inner,.e-con>.elementor-widget-spacer>.elementor-widget-container>.elementor-spacer>.elementor-spacer-inner{height:var(--container-widget-height,var(--spacer-size))}<\/style>\t\t<div class=\"elementor-spacer\">\n\t\t\t<div class=\"elementor-spacer-inner\"><\/div>\n\t\t<\/div>\n\t\t\t\t<\/div>\n\t\t\t\t<\/div>\n\t\t\t\t<div class=\"elementor-element elementor-element-5ca73f9 elementor-widget elementor-widget-heading\" data-id=\"5ca73f9\" data-element_type=\"widget\" data-widget_type=\"heading.default\">\n\t\t\t\t<div class=\"elementor-widget-container\">\n\t\t\t<h3 class=\"elementor-heading-title elementor-size-default\">Sfinansowano ze \u015brodk\u00f3w programu strategicznego \u201eInicjatywa doskona\u0142o\u015bci \u2013 uczelnia badawcza\u201d realizowanego w Uniwersytecie Pedagogicznym im. Komisji Edukacji Narodowej w Krakowie<\/h3>\t\t<\/div>\n\t\t\t\t<\/div>\n\t\t\t\t<div class=\"elementor-element elementor-element-6264fe0 elementor-widget elementor-widget-spacer\" data-id=\"6264fe0\" data-element_type=\"widget\" data-widget_type=\"spacer.default\">\n\t\t\t\t<div class=\"elementor-widget-container\">\n\t\t\t\t\t<div class=\"elementor-spacer\">\n\t\t\t<div class=\"elementor-spacer-inner\"><\/div>\n\t\t<\/div>\n\t\t\t\t<\/div>\n\t\t\t\t<\/div>\n\t\t\t\t<div class=\"elementor-element elementor-element-be485b6 elementor-widget elementor-widget-heading\" data-id=\"be485b6\" data-element_type=\"widget\" data-widget_type=\"heading.default\">\n\t\t\t\t<div class=\"elementor-widget-container\">\n\t\t\t<h2 class=\"elementor-heading-title elementor-size-default\">Komitet Honorowy Kongresu<\/h2>\t\t<\/div>\n\t\t\t\t<\/div>\n\t\t\t\t<div class=\"elementor-element elementor-element-7c3773f elementor-widget elementor-widget-text-editor\" data-id=\"7c3773f\" data-element_type=\"widget\" data-widget_type=\"text-editor.default\">\n\t\t\t\t<div class=\"elementor-widget-container\">\n\t\t\t<style>\/*! elementor - v3.8.0 - 30-10-2022 *\/\n.elementor-widget-text-editor.elementor-drop-cap-view-stacked .elementor-drop-cap{background-color:#818a91;color:#fff}.elementor-widget-text-editor.elementor-drop-cap-view-framed .elementor-drop-cap{color:#818a91;border:3px solid;background-color:transparent}.elementor-widget-text-editor:not(.elementor-drop-cap-view-default) .elementor-drop-cap{margin-top:8px}.elementor-widget-text-editor:not(.elementor-drop-cap-view-default) .elementor-drop-cap-letter{width:1em;height:1em}.elementor-widget-text-editor .elementor-drop-cap{float:left;text-align:center;line-height:1;font-size:50px}.elementor-widget-text-editor .elementor-drop-cap-letter{display:inline-block}<\/style>\t\t\t\t<p>prof. dr hab. Jacek Popiel \u2013 Rektor Uniwersytetu Jagiello\u0144skiego<br \/>prof. dr hab. Piotr Borek \u2013 Rektor Uniwersytetu Pedagogicznego im. KEN<br \/>prof. dr hab. Andrzej Chwalba \u2013 Wiceprezes PTH, Przewodnicz\u0105cy Komitetu Honorowego<br \/>prof. dr hab. Kazimierz Karolczak<br \/>prof. dr hab. Zdzis\u0142aw Noga<br \/>prof. dr hab. Bo\u017cena Popio\u0142ek<br \/>prof. dr hab. Jacek Purchla<br \/>prof. dr hab. Maciej Salamon<br \/>prof. dr hab. Jan \u015awi\u0119ch<br \/>prof. dr hab. Marek Wilczy\u0144ski<br \/>prof. dr hab. Mariusz Wo\u0142os<br \/>prof. dr hab. Krzysztof Zamorski<\/p>\t\t\t\t\t\t<\/div>\n\t\t\t\t<\/div>\n\t\t\t\t<div class=\"elementor-element elementor-element-a9bd0bb elementor-widget elementor-widget-heading\" data-id=\"a9bd0bb\" data-element_type=\"widget\" data-widget_type=\"heading.default\">\n\t\t\t\t<div class=\"elementor-widget-container\">\n\t\t\t<h2 class=\"elementor-heading-title elementor-size-default\">Komitet Organizacyjny Kongresu<\/h2>\t\t<\/div>\n\t\t\t\t<\/div>\n\t\t\t\t<div class=\"elementor-element elementor-element-e12bcb6 elementor-widget elementor-widget-text-editor\" data-id=\"e12bcb6\" data-element_type=\"widget\" data-widget_type=\"text-editor.default\">\n\t\t\t\t<div class=\"elementor-widget-container\">\n\t\t\t\t\t\t\t<p>dr hab. Agnieszka Ch\u0142osta-Sikorska, prof. UP \u2013 Wsp\u00f3\u0142przewodnicz\u0105ca<br \/>dr Marcin Jarz\u0105bek \u2013 Wsp\u00f3\u0142przewodnicz\u0105cy<br \/>dr hab. Katarzyna Kuras, prof. UJ<br \/>dr Konrad Meus<br \/>dr Kamil Rusza\u0142a<br \/>prof. dr hab. \u0141ukasz T. Sroka<br \/>prof. dr hab. Stanis\u0142aw Sroka \u2013 Dziekan Wydzia\u0142u Historycznego, Przewodnicz\u0105cy Kapitu\u0142y<br \/>Nagrody Pro Historia Polonorum<br \/>dr Stanis\u0142aw Witecki \u2013 sekretarz Kapitu\u0142y Nagrody Pro Historia Polonorum<br \/>dr hab. Piotr Wr\u00f3bel, prof. UJ<br \/>dr hab. Anna Zapalec, prof. UP<br \/>dr Jacek Zinkiewicz \u2013 Muzeum Krakowa<br \/>mgr Maciej Pilch<br \/>mgr Kinga Rozwadowska<br \/>mgr Micha\u0142 Rdzanek<\/p>\t\t\t\t\t\t<\/div>\n\t\t\t\t<\/div>\n\t\t\t\t<div class=\"elementor-element elementor-element-45d83f1 elementor-widget elementor-widget-heading\" data-id=\"45d83f1\" data-element_type=\"widget\" data-widget_type=\"heading.default\">\n\t\t\t\t<div class=\"elementor-widget-container\">\n\t\t\t<h2 class=\"elementor-heading-title elementor-size-default\">Sekretarze Kongresu<\/h2>\t\t<\/div>\n\t\t\t\t<\/div>\n\t\t\t\t<div class=\"elementor-element elementor-element-401d766 elementor-widget elementor-widget-text-editor\" data-id=\"401d766\" data-element_type=\"widget\" data-widget_type=\"text-editor.default\">\n\t\t\t\t<div class=\"elementor-widget-container\">\n\t\t\t\t\t\t\t<p>mgr Sonia Knapczyk<\/p><p>dr Jakub Pieczara\u00a0<\/p>\t\t\t\t\t\t<\/div>\n\t\t\t\t<\/div>\n\t\t\t\t<div class=\"elementor-element elementor-element-5c95dda elementor-widget elementor-widget-heading\" data-id=\"5c95dda\" data-element_type=\"widget\" data-widget_type=\"heading.default\">\n\t\t\t\t<div class=\"elementor-widget-container\">\n\t\t\t<h2 class=\"elementor-heading-title elementor-size-default\">Rada Programowa Kongresu<\/h2>\t\t<\/div>\n\t\t\t\t<\/div>\n\t\t\t\t<div class=\"elementor-element elementor-element-f5e449d elementor-widget elementor-widget-text-editor\" data-id=\"f5e449d\" data-element_type=\"widget\" data-widget_type=\"text-editor.default\">\n\t\t\t\t<div class=\"elementor-widget-container\">\n\t\t\t\t\t\t\t<p>dr hab. Agnieszka Ch\u0142osta-Sikorska, prof. UP \u2013 Wsp\u00f3\u0142przewodnicz\u0105ca<br \/>dr Marcin Jarz\u0105bek \u2013 Wsp\u00f3\u0142przewodnicz\u0105cy<br \/>prof. dr hab. Roman Czaja<br \/>prof. Karin Friedrich<br \/>prof. Robert Frost<br \/>prof. dr hab. Maciej Janowski<br \/>prof. dr hab. Jerzy Kochanowski<br \/>prof. dr hab. Zdzis\u0142aw Noga<br \/>prof. dr hab. Bo\u017cena Popio\u0142ek<br \/>prof. dr hab. Jacek Purchla<br \/>prof. dr hab. Stanis\u0142aw Sroka<br \/>rof. Keely Stauter-Halsted<br \/>prof. dr hab. Mariusz Wo\u0142os<br \/>prof. dr. Jurgita Verbickien\u0117<br \/>prof. dr hab. Myroslav Voloshchuk<br \/>PD. Dr. habil. Frank Wolff<br \/>PD. Dr. Heidi Hein-Kircher<br \/>PD. Dr. Katrin Steffen<br \/>apl prof. Dr. J\u00fcrgen Heyde<br \/>dr hab. Andrzej Bonusiak, prof. UR<br \/>dr hab. Micha\u0142 Galas, prof. UJ<br \/>dr hab. Maciej G\u00f3rny, prof. IHA PAN<br \/>dr hab. Aleksandra Jak\u00f3bczyk-Gola<br \/>dr hab. Krzysztof Kania, prof. UMK<br \/>dr hab. Barbara Klich-Kluczewska, prof. UJ<br \/>dr hab. Katarzyna Kuras, prof. UJ<br \/>dr hab. W\u0142adys\u0142aw St\u0119pniak, prof. UMK<br \/>dr hab. Miko\u0142aj Szo\u0142tysek, prof. UKSW<br \/>dr hab. Wac\u0142aw Wierzbieniec, prof. UR<br \/>dr hab. Tomasz Wi\u015blicz, prof. IHA PAN<br \/>dr hab. Mateusz Wy\u017cga, prof. UP<br \/>dr hab. Anna Zapalec, prof. UP<br \/>dr Iwona Dadej<br \/>dr Mateusz Drozdowski<br \/>dr Dorota Drzewiecka<br \/>dr Anna Kalinowska<br \/>dr Pawe\u0142 Libera<br \/>dr Aleksander \u0141upienko<br \/>dr Wiktor Marzec<br \/>dr Konrad Meus<br \/>dr Christopher Moore<br \/>dr Micha\u0142 Niezabitowski<br \/>dr Vitaliy Nagirnyy<br \/>dr Beata Nykiel<br \/>dr Bartosz Og\u00f3rek<br \/>dr Joachim Popek<br \/>dr Krzysztof Popek<br \/>dr Eva Piirim\u00e4e<br \/>dr Piotr Puchalski<br \/>dr Micha\u0142 Przeperski<br \/>dr Kamil Rusza\u0142a<br \/>dr Pawe\u0142 S\u0119kowski<br \/>dr Jan Surman<br \/>dr Rados\u0142aw Szyma\u0144ski<br \/>dr Adam \u015awi\u0105tek<br \/>dr Maciej Zakrzewski<br \/>dr Jacek Zinkiewicz<br \/>mgr \u0141ukasz Galusek<br \/>mgr Adrian K\u0119dzierski<br \/>mgr Karolina Wanda Olszowska<\/p>\t\t\t\t\t\t<\/div>\n\t\t\t\t<\/div>\n\t\t\t\t<div class=\"elementor-element elementor-element-c9725f3 elementor-widget elementor-widget-spacer\" data-id=\"c9725f3\" data-element_type=\"widget\" data-widget_type=\"spacer.default\">\n\t\t\t\t<div class=\"elementor-widget-container\">\n\t\t\t\t\t<div class=\"elementor-spacer\">\n\t\t\t<div class=\"elementor-spacer-inner\"><\/div>\n\t\t<\/div>\n\t\t\t\t<\/div>\n\t\t\t\t<\/div>\n\t\t\t\t\t<\/div>\n\t\t<\/div>\n\t\t\t\t\t\t\t<\/div>\n\t\t<\/section>\n\t\t\t\t\t\t\t<\/div>\n\t\t","protected":false},"excerpt":{"rendered":"<p>PATRONAT HONOROWY PRZYJ\u0118LI: ORGANIZATORZY: WSP\u00d3\u0141ORGANIZATORZY: PATRONAT MEDIALNY: Sfinansowano ze \u015brodk\u00f3w programu strategicznego \u201eInicjatywa doskona\u0142o\u015bci \u2013 uczelnia badawcza\u201d realizowanego w Uniwersytecie Pedagogicznym im. Komisji Edukacji Narodowej w Krakowie Komitet Honorowy Kongresu prof. dr hab. Jacek Popiel \u2013 Rektor Uniwersytetu Jagiello\u0144skiegoprof. dr hab. Piotr Borek \u2013 Rektor Uniwersytetu Pedagogicznego im. KENprof. dr hab. Andrzej Chwalba \u2013 Wiceprezes [&hellip;]<\/p>\n","protected":false},"author":1,"featured_media":0,"parent":0,"menu_order":0,"comment_status":"closed","ping_status":"closed","template":"elementor_header_footer","meta":{"footnotes":""},"_links":{"self":[{"href":"https:\/\/coph2022.pl\/index.php?rest_route=\/wp\/v2\/pages\/246"}],"collection":[{"href":"https:\/\/coph2022.pl\/index.php?rest_route=\/wp\/v2\/pages"}],"about":[{"href":"https:\/\/coph2022.pl\/index.php?rest_route=\/wp\/v2\/types\/page"}],"author":[{"embeddable":true,"href":"https:\/\/coph2022.pl\/index.php?rest_route=\/wp\/v2\/users\/1"}],"replies":[{"embeddable":true,"href":"https:\/\/coph2022.pl\/index.php?rest_route=%2Fwp%2Fv2%2Fcomments&post=246"}],"version-history":[{"count":91,"href":"https:\/\/coph2022.pl\/index.php?rest_route=\/wp\/v2\/pages\/246\/revisions"}],"predecessor-version":[{"id":1286,"href":"https:\/\/coph2022.pl\/index.php?rest_route=\/wp\/v2\/pages\/246\/revisions\/1286"}],"wp:attachment":[{"href":"https:\/\/coph2022.pl\/index.php?rest_route=%2Fwp%2Fv2%2Fmedia&parent=246"}],"curies":[{"name":"wp","href":"https:\/\/api.w.org\/{rel}","templated":true}]}}