{"id":256,"date":"2022-05-30T10:00:27","date_gmt":"2022-05-30T10:00:27","guid":{"rendered":"https:\/\/coph2022.pl\/?page_id=256"},"modified":"2022-11-04T11:56:38","modified_gmt":"2022-11-04T11:56:38","slug":"nagroda-pro-historia-polonorum","status":"publish","type":"page","link":"https:\/\/coph2022.pl\/?page_id=256","title":{"rendered":"Nagroda Pro Historia Polonorum"},"content":{"rendered":"\t\t<div data-elementor-type=\"wp-page\" data-elementor-id=\"256\" class=\"elementor elementor-256\">\n\t\t\t\t\t\t\t\t\t<section class=\"elementor-section elementor-top-section elementor-element elementor-element-5753c6ac elementor-section-boxed elementor-section-height-default elementor-section-height-default\" data-id=\"5753c6ac\" data-element_type=\"section\">\n\t\t\t\t\t\t\t<div class=\"elementor-background-overlay\"><\/div>\n\t\t\t\t\t\t\t<div class=\"elementor-container elementor-column-gap-default\">\n\t\t\t\t\t<div class=\"elementor-column elementor-col-50 elementor-top-column elementor-element elementor-element-2cc78603\" data-id=\"2cc78603\" data-element_type=\"column\">\n\t\t\t<div class=\"elementor-widget-wrap elementor-element-populated\">\n\t\t\t\t\t\t\t\t<div class=\"elementor-element elementor-element-42761152 elementor-widget elementor-widget-spacer\" data-id=\"42761152\" data-element_type=\"widget\" data-widget_type=\"spacer.default\">\n\t\t\t\t<div class=\"elementor-widget-container\">\n\t\t\t<style>\/*! elementor - v3.8.0 - 30-10-2022 *\/\n.elementor-column .elementor-spacer-inner{height:var(--spacer-size)}.e-con{--container-widget-width:100%}.e-con-inner>.elementor-widget-spacer,.e-con>.elementor-widget-spacer{width:var(--container-widget-width,var(--spacer-size));-ms-flex-item-align:stretch;align-self:stretch;-ms-flex-negative:0;flex-shrink:0}.e-con-inner>.elementor-widget-spacer>.elementor-widget-container,.e-con-inner>.elementor-widget-spacer>.elementor-widget-container>.elementor-spacer,.e-con>.elementor-widget-spacer>.elementor-widget-container,.e-con>.elementor-widget-spacer>.elementor-widget-container>.elementor-spacer{height:100%}.e-con-inner>.elementor-widget-spacer>.elementor-widget-container>.elementor-spacer>.elementor-spacer-inner,.e-con>.elementor-widget-spacer>.elementor-widget-container>.elementor-spacer>.elementor-spacer-inner{height:var(--container-widget-height,var(--spacer-size))}<\/style>\t\t<div class=\"elementor-spacer\">\n\t\t\t<div class=\"elementor-spacer-inner\"><\/div>\n\t\t<\/div>\n\t\t\t\t<\/div>\n\t\t\t\t<\/div>\n\t\t\t\t<div class=\"elementor-element elementor-element-049d87b elementor-widget elementor-widget-heading\" data-id=\"049d87b\" data-element_type=\"widget\" data-widget_type=\"heading.default\">\n\t\t\t\t<div class=\"elementor-widget-container\">\n\t\t\t<style>\/*! elementor - v3.8.0 - 30-10-2022 *\/\n.elementor-heading-title{padding:0;margin:0;line-height:1}.elementor-widget-heading .elementor-heading-title[class*=elementor-size-]>a{color:inherit;font-size:inherit;line-height:inherit}.elementor-widget-heading .elementor-heading-title.elementor-size-small{font-size:15px}.elementor-widget-heading .elementor-heading-title.elementor-size-medium{font-size:19px}.elementor-widget-heading .elementor-heading-title.elementor-size-large{font-size:29px}.elementor-widget-heading .elementor-heading-title.elementor-size-xl{font-size:39px}.elementor-widget-heading .elementor-heading-title.elementor-size-xxl{font-size:59px}<\/style><h2 class=\"elementor-heading-title elementor-size-default\">Nagroda Pro Historia Polonorum<\/h2>\t\t<\/div>\n\t\t\t\t<\/div>\n\t\t\t\t<div class=\"elementor-element elementor-element-7828f3a elementor-widget elementor-widget-text-editor\" data-id=\"7828f3a\" data-element_type=\"widget\" data-widget_type=\"text-editor.default\">\n\t\t\t\t<div class=\"elementor-widget-container\">\n\t\t\t<style>\/*! elementor - v3.8.0 - 30-10-2022 *\/\n.elementor-widget-text-editor.elementor-drop-cap-view-stacked .elementor-drop-cap{background-color:#818a91;color:#fff}.elementor-widget-text-editor.elementor-drop-cap-view-framed .elementor-drop-cap{color:#818a91;border:3px solid;background-color:transparent}.elementor-widget-text-editor:not(.elementor-drop-cap-view-default) .elementor-drop-cap{margin-top:8px}.elementor-widget-text-editor:not(.elementor-drop-cap-view-default) .elementor-drop-cap-letter{width:1em;height:1em}.elementor-widget-text-editor .elementor-drop-cap{float:left;text-align:center;line-height:1;font-size:50px}.elementor-widget-text-editor .elementor-drop-cap-letter{display:inline-block}<\/style>\t\t\t\t<p>Z okazji IV Kongresu Zagranicznych Badaczy Dziej\u00f3w Polski, kt\u00f3ry odb\u0119dzie si\u0119 w Krakowie w dniach 19-22 pa\u017adziernika 2022 r., po raz czwarty zostanie przyznana nagroda\u00a0<em>Pro Historia Polonorum<\/em>\u00a0za najlepsz\u0105 ksi\u0105\u017ck\u0119 historyczn\u0105 opublikowan\u0105 w wydawnictwach zagranicznych, dotycz\u0105c\u0105 historii Polski i Polak\u00f3w lub regionu \u015brodkowoeuropejskiego (z uwzgl\u0119dnieniem historii Polski), opublikowan\u0105 w j\u0119zyku obcym w latach 2017 \u2013 2021 przez badaczy afiliowanych w zagranicznych instytucjach naukowych. Laureatami poprzednich edycji nagrody byli Timothy Snyder, Antony Polonsky i Robert Frost.<\/p>\t\t\t\t\t\t<\/div>\n\t\t\t\t<\/div>\n\t\t\t\t<div class=\"elementor-element elementor-element-9f67b99 elementor-widget elementor-widget-text-editor\" data-id=\"9f67b99\" data-element_type=\"widget\" data-widget_type=\"text-editor.default\">\n\t\t\t\t<div class=\"elementor-widget-container\">\n\t\t\t\t\t\t\t<p><strong>Laureat Nagrody Pro Historia Polonorum<\/strong><\/p><p><strong>Richard Butterwick-Pawlikowski,<\/strong> za ksi\u0105\u017ck\u0119:<\/p><ul><li><strong><em>The Polish-Lithuanian Commonwealth, 1733-1795: Light and Flame<\/em>, Yale University Press, 2021<\/strong>.<\/li><\/ul><p>\u00a0<\/p><p><strong>Nagroda honorowa<\/strong><\/p><p><strong>Patrice Dabrowski<\/strong> za ca\u0142okszta\u0142t dorobku, w tym za ksi\u0105\u017cki:<\/p><ul><li><em>The Carpathians: Discovering the Highlands of Poland and Ukraine<\/em>, Ithaca, 2021.<\/li><li><em>Poland: The First Thousand Years<\/em>, Northern Illinois University Press, 2016<\/li><li><em>Commemorations and the Shaping of Modern Poland<\/em>, Indiana University Press, 2004<\/li><\/ul><p>\u00a0<\/p><p><strong>Ksi\u0105\u017cki nominowane do nagrody<\/strong><\/p><ol><li>Butterwick R., <em>The Polish-Lithuanian Commonwealth, 1733-1795: Light and Flame<\/em>, Yale University Press, New Haven 2021.<\/li><li>Ciancia K., On <em>Civilization\u2019s Edge: A Polish Borderland in the Interwar World<\/em>, Oxford University Press, New York 2020.<\/li><li>Dabrowski P.M., <em>The Carpathians: Discovering the Highlands of Poland and Ukraine<\/em>, Ithaca, New York 2021.<\/li><li>Dadej I., <em>Beruf und Berufung transnational: Deusche und polnische Akademikerinnen in der Zwischenkriegszeit<\/em>, Osnabr\u00fcck 2019.<\/li><li>Fairweather J., <em>The Volunteer: One Man, an Underground Army, and the Secret Mission to Destroy Auschwitz<\/em>, New York, NY 2019.<\/li><li>Frey Y., <em>Histoire des Polonais en France<\/em>, Paris 2019.<\/li><li>Huener J., <em>The Polish Catholic Church Under German Occupation: The Reichsgau Wartheland,<\/em> 1939-1945, Bloomington, Indiana 2021.<\/li><li>M\u00fcller A., <em>If the Walls Could Speak: Inside a Women\u2019s Prison in Communist Poland<\/em>, Oxford University Press, Oxford, New York 2017.<\/li><li>Nowakowska N., <em>King Sigismund of Poland and Martin Luther: The Reformation before Confessionalization<\/em>, Oxford University Press, Oxford, New York 2018.<\/li><li>\u041a\u0440\u0438\u0445 \u0410.\u0410., \u041c\u0443\u043b\u0438\u043d\u0430 \u0421.\u0410., and \u0414\u0430\u043d\u0438\u043b\u044c\u0447\u0438\u043a \u0410., <em>\u0411\u0430\u0440\u0441\u043a\u0438\u0435 \u043a\u043e\u043d\u0444\u0435\u0434\u0435\u0440\u0430\u0442\u044b \u0432 \u0417\u0430\u043f\u0430\u0434\u043d\u043e\u0439 \u0421\u0438\u0431\u0438\u0440\u0438: \u0431\u0438\u043e\u0433\u0440\u0430\u0444\u0438\u0447\u0435\u0441\u043a\u0438\u0439 \u0441\u043b\u043e\u0432\u0430\u0440\u044c<\/em>, \u0410\u043b\u0435\u0442\u0435\u0439\u044f, \u0421\u0430\u043d\u043a\u0442-\u041f\u0435\u0442\u0435\u0440\u0431\u0443\u0440\u0433 2020.<\/li><\/ol>\t\t\t\t\t\t<\/div>\n\t\t\t\t<\/div>\n\t\t\t\t<div class=\"elementor-element elementor-element-5944ded elementor-widget elementor-widget-text-editor\" data-id=\"5944ded\" data-element_type=\"widget\" data-widget_type=\"text-editor.default\">\n\t\t\t\t<div class=\"elementor-widget-container\">\n\t\t\t\t\t\t\t<p>Do zg\u0142aszania kandydatur uprawnieni s\u0105 pracownicy naukowi co najmniej ze stopniem doktora. Zg\u0142oszenie winno zawiera\u0107 kr\u00f3tkie uzasadnienie merytoryczne oraz egzemplarz zg\u0142aszanej pracy (w dowolnej formie). Powinno ono zosta\u0107 przes\u0142ane do dnia 31 stycznia 2022 r. przy pomocy formularza.<\/p>\t\t\t\t\t\t<\/div>\n\t\t\t\t<\/div>\n\t\t\t\t<div class=\"elementor-element elementor-element-a1b4743 elementor-align-center elementor-widget elementor-widget-button\" data-id=\"a1b4743\" data-element_type=\"widget\" data-widget_type=\"button.default\">\n\t\t\t\t<div class=\"elementor-widget-container\">\n\t\t\t\t\t<div class=\"elementor-button-wrapper\">\n\t\t\t<a href=\"https:\/\/forms.gle\/VziNjUY9gxRs1ePs5\" class=\"elementor-button-link elementor-button elementor-size-lg\" role=\"button\">\n\t\t\t\t\t\t<span class=\"elementor-button-content-wrapper\">\n\t\t\t\t\t\t<span class=\"elementor-button-text\">Formularz zg\u0142oszeniowy<\/span>\n\t\t<\/span>\n\t\t\t\t\t<\/a>\n\t\t<\/div>\n\t\t\t\t<\/div>\n\t\t\t\t<\/div>\n\t\t\t\t<div class=\"elementor-element elementor-element-0aea6fd elementor-widget elementor-widget-text-editor\" data-id=\"0aea6fd\" data-element_type=\"widget\" data-widget_type=\"text-editor.default\">\n\t\t\t\t<div class=\"elementor-widget-container\">\n\t\t\t\t\t\t\t<p>Kapitu\u0142a powo\u0142ana przez Komitet Organizacyjny Kongresu dokona rozstrzygni\u0119cia konkursu w lipcu 2022 roku, za\u015b wr\u0119czenie nagrody g\u0142\u00f3wnej, a tak\u017ce nominacji do nagrody oraz (ewentualnej) honorowej nagrody specjalnej dla autora zagranicznego za szczeg\u00f3lnie wybitny dorobek w zakresie historii Polski nast\u0105pi w czasie inauguracji Kongresu.<\/p>\t\t\t\t\t\t<\/div>\n\t\t\t\t<\/div>\n\t\t\t\t<div class=\"elementor-element elementor-element-50d896d elementor-widget elementor-widget-heading\" data-id=\"50d896d\" data-element_type=\"widget\" data-widget_type=\"heading.default\">\n\t\t\t\t<div class=\"elementor-widget-container\">\n\t\t\t<h2 class=\"elementor-heading-title elementor-size-default\">Regulamin Nagrody i sk\u0142ad kapitu\u0142y<\/h2>\t\t<\/div>\n\t\t\t\t<\/div>\n\t\t\t\t<div class=\"elementor-element elementor-element-0b619e7 elementor-widget elementor-widget-text-editor\" data-id=\"0b619e7\" data-element_type=\"widget\" data-widget_type=\"text-editor.default\">\n\t\t\t\t<div class=\"elementor-widget-container\">\n\t\t\t\t\t\t\t<ol><li>Do nagrody mog\u0105 by\u0107 zg\u0142aszane oryginalne ksi\u0105\u017cki naukowe opublikowane w\u00a0wydawnictwach zagranicznych, dotycz\u0105ce historii Polski i Polak\u00f3w lub regionu \u015brodkowoeuropejskiego (z uwzgl\u0119dnieniem historii Polski), opublikowane w j\u0119zyku obcym w latach 2017 \u2013 2021 przez badaczy afiliowanych w zagranicznych instytucjach naukowych.<\/li><li>Kapitu\u0142a nagrody powo\u0142ana zostaje przez Komitet Organizacyjny IV Kongresu Zagranicznych Badaczy Dziej\u00f3w Polski. W jej sk\u0142ad wchodz\u0105:<\/li><\/ol><p>\u00a0<\/p><p>KAPITU\u0141A KONKURSOWA<\/p><p><u>Przewodnicz\u0105cy Kapitu\u0142y<\/u>:<\/p><ul><li>Prof. dr hab. Stanis\u0142aw Sroka &#8211; Dziekan Wydzia\u0142u Historycznego UJ<\/li><\/ul><p>\u00a0<\/p><p><u>Sekretarz<\/u><\/p><ul><li>dr Stanis\u0142aw Witecki<\/li><\/ul><p><br \/><u>Cz\u0142onkowie<\/u>:<\/p><ul><li>Prof. Antony Polonsky\u00a0<\/li><li>Prof. dr hab. Micha\u0142 Baczkowski<\/li><li>Prof. dr hab. Andrzej Chwalba<\/li><li>Prof. dr hab. Adam Ka\u017amierczyk<\/li><li>Prof. dr hab. Andrzej Nowak<\/li><li>Prof. dr hab. Maciej Salamon<\/li><li>Prof. dr hab. Mariusz Wo\u0142os<\/li><li>Prof. dr hab. Krzysztof Zamorski<\/li><li>Dr hab. Tadeusz Czekalski, prof. UJ<\/li><li>Dr hab. Monika Golonka-Czajkowska, prof. UJ<\/li><li>Dr hab. Barbara Klich-Kluczewska, prof. UJ<\/li><li>Dr hab. Marta Kurkowska-Budan, prof. UJ<\/li><li>Dr hab. Mateusz Wy\u017cga, prof. UP<\/li><li>Dr Wiktoria Kudela-\u015awi\u0105tek<\/li><\/ul><p>\u00a0<\/p><ol start=\"3\"><li>Do zg\u0142aszania kandydatur uprawnieni s\u0105 pracownicy naukowi co najmniej ze stopniem doktora. Zg\u0142oszenie powinno zosta\u0107 przes\u0142ane do dnia\u00a0<strong>31 stycznia 2022<\/strong>przy pomocy formularza znajduj\u0105cego si\u0119 pod adresem:\u00a0<a href=\"https:\/\/forms.gle\/VziNjUY9gxRs1ePs5\">https:\/\/forms.gle\/VziNjUY9gxRs1ePs5<\/a>. Powinno ono zawiera\u0107 kr\u00f3tkie uzasadnienie merytoryczne oraz elektroniczny egzemplarz zg\u0142aszanej ksi\u0105\u017cki. Zg\u0142aszan\u0105 prac\u0119 mo\u017cna r\u00f3wnie\u017c wys\u0142a\u0107 w formie drukowanej na adres: Stanis\u0142aw Sroka Dziekan Wydzia\u0142u Historycznego Uniwersytetu Jagiello\u0144skiego, ul Go\u0142\u0119bia 24, 31-007 Krak\u00f3w z dopiskiem \u201ePro Historia Polonorum\u201d.<\/li><li>Kandydatury do nagrody mo\u017cna zg\u0142asza\u0107 do 31 stycznia 2022 roku.<\/li><li>Wst\u0119pnej oceny zg\u0142oszonych publikacji dokonuj\u0105 cz\u0142onkowie Kapitu\u0142y na pro\u015bb\u0119 przewodnicz\u0105cego Kapitu\u0142y.<\/li><li>Spo\u015br\u00f3d zg\u0142oszonych ksi\u0105\u017cek Kapitu\u0142a wy\u0142ania 5-10 najwy\u017cej ocenianych pozycji, kt\u00f3re nominuje do nagrody. Zostaj\u0105 one skierowane do zrecenzowania przez specjalist\u00f3w.<\/li><li>Spo\u015br\u00f3d nominowanych i zrecenzowanych pozycji Kapitu\u0142a wybiera 1 prac\u0119 przyznaj\u0105c jej autorowi nagrod\u0119 g\u0142\u00f3wn\u0105.<\/li><li>Kapitu\u0142a mo\u017ce r\u00f3wnie\u017c wyr\u00f3\u017cni\u0107 honorow\u0105 nagrod\u0105 specjaln\u0105 jednego badacza zagranicznego za ca\u0142okszta\u0142t wybitnego dorobku dotycz\u0105cego dziej\u00f3w Polski.<\/li><\/ol><p>9. Wr\u0119czenie pieni\u0119\u017cnej nagrody g\u0142\u00f3wnej wraz ze statuetk\u0105 Galla Anonima, dyplomu, honorowej nagrody specjalnej oraz dyplom\u00f3w za prace nominowane odbywa si\u0119 publicznie w czasie inauguracji Kongresu.<\/p>\t\t\t\t\t\t<\/div>\n\t\t\t\t<\/div>\n\t\t\t\t\t<\/div>\n\t\t<\/div>\n\t\t\t\t<div class=\"elementor-column elementor-col-50 elementor-top-column elementor-element elementor-element-5661e34\" data-id=\"5661e34\" data-element_type=\"column\">\n\t\t\t<div class=\"elementor-widget-wrap elementor-element-populated\">\n\t\t\t\t\t\t\t\t<section class=\"elementor-section elementor-inner-section elementor-element elementor-element-4d7470bb elementor-section-boxed elementor-section-height-default elementor-section-height-default\" data-id=\"4d7470bb\" data-element_type=\"section\" data-settings=\"{&quot;background_background&quot;:&quot;classic&quot;}\">\n\t\t\t\t\t\t<div class=\"elementor-container elementor-column-gap-default\">\n\t\t\t\t\t<div class=\"elementor-column elementor-col-100 elementor-inner-column elementor-element elementor-element-3ab92f5\" data-id=\"3ab92f5\" data-element_type=\"column\">\n\t\t\t<div class=\"elementor-widget-wrap elementor-element-populated\">\n\t\t\t\t\t\t\t\t<div class=\"elementor-element elementor-element-2de5115e elementor-widget elementor-widget-heading\" data-id=\"2de5115e\" data-element_type=\"widget\" data-widget_type=\"heading.default\">\n\t\t\t\t<div class=\"elementor-widget-container\">\n\t\t\t<h2 class=\"elementor-heading-title elementor-size-default\">Sekretariat Kongresu<\/h2>\t\t<\/div>\n\t\t\t\t<\/div>\n\t\t\t\t<div class=\"elementor-element elementor-element-429a1fa7 elementor-widget elementor-widget-spacer\" data-id=\"429a1fa7\" data-element_type=\"widget\" data-widget_type=\"spacer.default\">\n\t\t\t\t<div class=\"elementor-widget-container\">\n\t\t\t\t\t<div class=\"elementor-spacer\">\n\t\t\t<div class=\"elementor-spacer-inner\"><\/div>\n\t\t<\/div>\n\t\t\t\t<\/div>\n\t\t\t\t<\/div>\n\t\t\t\t<div class=\"elementor-element elementor-element-4c69099d elementor-widget elementor-widget-heading\" data-id=\"4c69099d\" data-element_type=\"widget\" data-widget_type=\"heading.default\">\n\t\t\t\t<div class=\"elementor-widget-container\">\n\t\t\t<h2 class=\"elementor-heading-title elementor-size-default\">Polskie Towarzystwo Historyczne Oddzia\u0142 w Krakowie\nul. Go\u0142\u0119bia 13 31-007 Krak\u00f3w\nemail: <b>sekretariat.ivkongres@uj.edu.pl<\/b><\/h2>\t\t<\/div>\n\t\t\t\t<\/div>\n\t\t\t\t\t<\/div>\n\t\t<\/div>\n\t\t\t\t\t\t\t<\/div>\n\t\t<\/section>\n\t\t\t\t<div class=\"elementor-element elementor-element-635ca449 elementor-widget-divider--view-line elementor-widget elementor-widget-divider\" data-id=\"635ca449\" data-element_type=\"widget\" data-widget_type=\"divider.default\">\n\t\t\t\t<div class=\"elementor-widget-container\">\n\t\t\t<style>\/*! elementor - v3.8.0 - 30-10-2022 *\/\n.elementor-widget-divider{--divider-border-style:none;--divider-border-width:1px;--divider-color:#2c2c2c;--divider-icon-size:20px;--divider-element-spacing:10px;--divider-pattern-height:24px;--divider-pattern-size:20px;--divider-pattern-url:none;--divider-pattern-repeat:repeat-x}.elementor-widget-divider .elementor-divider{display:-webkit-box;display:-ms-flexbox;display:flex}.elementor-widget-divider .elementor-divider__text{font-size:15px;line-height:1;max-width:95%}.elementor-widget-divider .elementor-divider__element{margin:0 var(--divider-element-spacing);-ms-flex-negative:0;flex-shrink:0}.elementor-widget-divider .elementor-icon{font-size:var(--divider-icon-size)}.elementor-widget-divider .elementor-divider-separator{display:-webkit-box;display:-ms-flexbox;display:flex;margin:0;direction:ltr}.elementor-widget-divider--view-line_icon .elementor-divider-separator,.elementor-widget-divider--view-line_text .elementor-divider-separator{-webkit-box-align:center;-ms-flex-align:center;align-items:center}.elementor-widget-divider--view-line_icon .elementor-divider-separator:after,.elementor-widget-divider--view-line_icon .elementor-divider-separator:before,.elementor-widget-divider--view-line_text .elementor-divider-separator:after,.elementor-widget-divider--view-line_text .elementor-divider-separator:before{display:block;content:\"\";border-bottom:0;-webkit-box-flex:1;-ms-flex-positive:1;flex-grow:1;border-top:var(--divider-border-width) var(--divider-border-style) var(--divider-color)}.elementor-widget-divider--element-align-left .elementor-divider .elementor-divider-separator>.elementor-divider__svg:first-of-type{-webkit-box-flex:0;-ms-flex-positive:0;flex-grow:0;-ms-flex-negative:100;flex-shrink:100}.elementor-widget-divider--element-align-left .elementor-divider-separator:before{content:none}.elementor-widget-divider--element-align-left .elementor-divider__element{margin-left:0}.elementor-widget-divider--element-align-right .elementor-divider .elementor-divider-separator>.elementor-divider__svg:last-of-type{-webkit-box-flex:0;-ms-flex-positive:0;flex-grow:0;-ms-flex-negative:100;flex-shrink:100}.elementor-widget-divider--element-align-right .elementor-divider-separator:after{content:none}.elementor-widget-divider--element-align-right .elementor-divider__element{margin-right:0}.elementor-widget-divider:not(.elementor-widget-divider--view-line_text):not(.elementor-widget-divider--view-line_icon) .elementor-divider-separator{border-top:var(--divider-border-width) var(--divider-border-style) var(--divider-color)}.elementor-widget-divider--separator-type-pattern{--divider-border-style:none}.elementor-widget-divider--separator-type-pattern.elementor-widget-divider--view-line .elementor-divider-separator,.elementor-widget-divider--separator-type-pattern:not(.elementor-widget-divider--view-line) .elementor-divider-separator:after,.elementor-widget-divider--separator-type-pattern:not(.elementor-widget-divider--view-line) .elementor-divider-separator:before,.elementor-widget-divider--separator-type-pattern:not([class*=elementor-widget-divider--view]) .elementor-divider-separator{width:100%;min-height:var(--divider-pattern-height);-webkit-mask-size:var(--divider-pattern-size) 100%;mask-size:var(--divider-pattern-size) 100%;-webkit-mask-repeat:var(--divider-pattern-repeat);mask-repeat:var(--divider-pattern-repeat);background-color:var(--divider-color);-webkit-mask-image:var(--divider-pattern-url);mask-image:var(--divider-pattern-url)}.elementor-widget-divider--no-spacing{--divider-pattern-size:auto}.elementor-widget-divider--bg-round{--divider-pattern-repeat:round}.rtl .elementor-widget-divider .elementor-divider__text{direction:rtl}.e-con-inner>.elementor-widget-divider,.e-con>.elementor-widget-divider{width:var(--container-widget-width,100%)}<\/style>\t\t<div class=\"elementor-divider\">\n\t\t\t<span class=\"elementor-divider-separator\">\n\t\t\t\t\t\t<\/span>\n\t\t<\/div>\n\t\t\t\t<\/div>\n\t\t\t\t<\/div>\n\t\t\t\t<div class=\"elementor-element elementor-element-156cc62 elementor-widget elementor-widget-image\" data-id=\"156cc62\" data-element_type=\"widget\" data-widget_type=\"image.default\">\n\t\t\t\t<div class=\"elementor-widget-container\">\n\t\t\t<style>\/*! elementor - v3.8.0 - 30-10-2022 *\/\n.elementor-widget-image{text-align:center}.elementor-widget-image a{display:inline-block}.elementor-widget-image a img[src$=\".svg\"]{width:48px}.elementor-widget-image img{vertical-align:middle;display:inline-block}<\/style>\t\t\t\t\t\t\t\t\t\t\t\t<img loading=\"lazy\" decoding=\"async\" width=\"800\" height=\"202\" src=\"https:\/\/coph2022.pl\/wp-content\/uploads\/2022\/06\/logo_tekst_pth-1024x258.png\" class=\"attachment-large size-large\" alt=\"\" srcset=\"https:\/\/coph2022.pl\/wp-content\/uploads\/2022\/06\/logo_tekst_pth-1024x258.png 1024w, https:\/\/coph2022.pl\/wp-content\/uploads\/2022\/06\/logo_tekst_pth-300x75.png 300w, https:\/\/coph2022.pl\/wp-content\/uploads\/2022\/06\/logo_tekst_pth-768x193.png 768w, https:\/\/coph2022.pl\/wp-content\/uploads\/2022\/06\/logo_tekst_pth.png 1391w\" sizes=\"(max-width: 800px) 100vw, 800px\" \/>\t\t\t\t\t\t\t\t\t\t\t\t\t\t\t<\/div>\n\t\t\t\t<\/div>\n\t\t\t\t<div class=\"elementor-element elementor-element-74970792 elementor-widget-divider--view-line elementor-widget elementor-widget-divider\" data-id=\"74970792\" data-element_type=\"widget\" data-widget_type=\"divider.default\">\n\t\t\t\t<div class=\"elementor-widget-container\">\n\t\t\t\t\t<div class=\"elementor-divider\">\n\t\t\t<span class=\"elementor-divider-separator\">\n\t\t\t\t\t\t<\/span>\n\t\t<\/div>\n\t\t\t\t<\/div>\n\t\t\t\t<\/div>\n\t\t\t\t<div class=\"elementor-element elementor-element-77671ccc elementor-widget elementor-widget-image\" data-id=\"77671ccc\" data-element_type=\"widget\" data-widget_type=\"image.default\">\n\t\t\t\t<div class=\"elementor-widget-container\">\n\t\t\t\t\t\t\t\t\t\t\t\t\t\t\t<img loading=\"lazy\" decoding=\"async\" width=\"800\" height=\"255\" src=\"https:\/\/coph2022.pl\/wp-content\/uploads\/2022\/06\/Bez-nazwy1-1024x326.jpg\" class=\"attachment-large size-large\" alt=\"\" srcset=\"https:\/\/coph2022.pl\/wp-content\/uploads\/2022\/06\/Bez-nazwy1-1024x326.jpg 1024w, https:\/\/coph2022.pl\/wp-content\/uploads\/2022\/06\/Bez-nazwy1-300x95.jpg 300w, https:\/\/coph2022.pl\/wp-content\/uploads\/2022\/06\/Bez-nazwy1-768x244.jpg 768w, https:\/\/coph2022.pl\/wp-content\/uploads\/2022\/06\/Bez-nazwy1-1536x489.jpg 1536w, https:\/\/coph2022.pl\/wp-content\/uploads\/2022\/06\/Bez-nazwy1.jpg 1873w\" sizes=\"(max-width: 800px) 100vw, 800px\" \/>\t\t\t\t\t\t\t\t\t\t\t\t\t\t\t<\/div>\n\t\t\t\t<\/div>\n\t\t\t\t<div class=\"elementor-element elementor-element-3122c531 elementor-widget-divider--view-line elementor-widget elementor-widget-divider\" data-id=\"3122c531\" data-element_type=\"widget\" data-widget_type=\"divider.default\">\n\t\t\t\t<div class=\"elementor-widget-container\">\n\t\t\t\t\t<div class=\"elementor-divider\">\n\t\t\t<span class=\"elementor-divider-separator\">\n\t\t\t\t\t\t<\/span>\n\t\t<\/div>\n\t\t\t\t<\/div>\n\t\t\t\t<\/div>\n\t\t\t\t<div class=\"elementor-element elementor-element-1f26b223 elementor-widget elementor-widget-image\" data-id=\"1f26b223\" data-element_type=\"widget\" data-widget_type=\"image.default\">\n\t\t\t\t<div class=\"elementor-widget-container\">\n\t\t\t\t\t\t\t\t\t\t\t\t\t\t\t<img loading=\"lazy\" decoding=\"async\" width=\"800\" height=\"800\" src=\"https:\/\/coph2022.pl\/wp-content\/uploads\/2022\/06\/logoUP_organizator-1024x1024.png\" class=\"attachment-large size-large\" alt=\"\" srcset=\"https:\/\/coph2022.pl\/wp-content\/uploads\/2022\/06\/logoUP_organizator-1024x1024.png 1024w, https:\/\/coph2022.pl\/wp-content\/uploads\/2022\/06\/logoUP_organizator-300x300.png 300w, https:\/\/coph2022.pl\/wp-content\/uploads\/2022\/06\/logoUP_organizator-150x150.png 150w, https:\/\/coph2022.pl\/wp-content\/uploads\/2022\/06\/logoUP_organizator-768x769.png 768w, https:\/\/coph2022.pl\/wp-content\/uploads\/2022\/06\/logoUP_organizator.png 1439w\" sizes=\"(max-width: 800px) 100vw, 800px\" \/>\t\t\t\t\t\t\t\t\t\t\t\t\t\t\t<\/div>\n\t\t\t\t<\/div>\n\t\t\t\t<div class=\"elementor-element elementor-element-144b5427 elementor-widget-divider--view-line elementor-widget elementor-widget-divider\" data-id=\"144b5427\" data-element_type=\"widget\" data-widget_type=\"divider.default\">\n\t\t\t\t<div class=\"elementor-widget-container\">\n\t\t\t\t\t<div class=\"elementor-divider\">\n\t\t\t<span class=\"elementor-divider-separator\">\n\t\t\t\t\t\t<\/span>\n\t\t<\/div>\n\t\t\t\t<\/div>\n\t\t\t\t<\/div>\n\t\t\t\t\t<\/div>\n\t\t<\/div>\n\t\t\t\t\t\t\t<\/div>\n\t\t<\/section>\n\t\t\t\t\t\t\t<\/div>\n\t\t","protected":false},"excerpt":{"rendered":"<p>Nagroda Pro Historia Polonorum Z okazji IV Kongresu Zagranicznych Badaczy Dziej\u00f3w Polski, kt\u00f3ry odb\u0119dzie si\u0119 w Krakowie w dniach 19-22 pa\u017adziernika 2022 r., po raz czwarty zostanie przyznana nagroda\u00a0Pro Historia Polonorum\u00a0za najlepsz\u0105 ksi\u0105\u017ck\u0119 historyczn\u0105 opublikowan\u0105 w wydawnictwach zagranicznych, dotycz\u0105c\u0105 historii Polski i Polak\u00f3w lub regionu \u015brodkowoeuropejskiego (z uwzgl\u0119dnieniem historii Polski), opublikowan\u0105 w j\u0119zyku obcym w [&hellip;]<\/p>\n","protected":false},"author":1,"featured_media":0,"parent":0,"menu_order":0,"comment_status":"closed","ping_status":"closed","template":"elementor_header_footer","meta":{"footnotes":""},"_links":{"self":[{"href":"https:\/\/coph2022.pl\/index.php?rest_route=\/wp\/v2\/pages\/256"}],"collection":[{"href":"https:\/\/coph2022.pl\/index.php?rest_route=\/wp\/v2\/pages"}],"about":[{"href":"https:\/\/coph2022.pl\/index.php?rest_route=\/wp\/v2\/types\/page"}],"author":[{"embeddable":true,"href":"https:\/\/coph2022.pl\/index.php?rest_route=\/wp\/v2\/users\/1"}],"replies":[{"embeddable":true,"href":"https:\/\/coph2022.pl\/index.php?rest_route=%2Fwp%2Fv2%2Fcomments&post=256"}],"version-history":[{"count":59,"href":"https:\/\/coph2022.pl\/index.php?rest_route=\/wp\/v2\/pages\/256\/revisions"}],"predecessor-version":[{"id":1878,"href":"https:\/\/coph2022.pl\/index.php?rest_route=\/wp\/v2\/pages\/256\/revisions\/1878"}],"wp:attachment":[{"href":"https:\/\/coph2022.pl\/index.php?rest_route=%2Fwp%2Fv2%2Fmedia&parent=256"}],"curies":[{"name":"wp","href":"https:\/\/api.w.org\/{rel}","templated":true}]}}