{"id":577,"date":"2022-06-09T21:14:23","date_gmt":"2022-06-09T21:14:23","guid":{"rendered":"https:\/\/coph2022.pl\/?page_id=577"},"modified":"2022-11-04T11:58:17","modified_gmt":"2022-11-04T11:58:17","slug":"pro-historia-polonorum-award","status":"publish","type":"page","link":"https:\/\/coph2022.pl\/?page_id=577&lang=en","title":{"rendered":"Pro Historia Polonorum Award"},"content":{"rendered":"\t\t<div data-elementor-type=\"wp-page\" data-elementor-id=\"577\" class=\"elementor elementor-577\">\n\t\t\t\t\t\t\t\t\t<section class=\"elementor-section elementor-top-section elementor-element elementor-element-29e1e1a1 elementor-section-boxed elementor-section-height-default elementor-section-height-default\" data-id=\"29e1e1a1\" data-element_type=\"section\">\n\t\t\t\t\t\t\t<div class=\"elementor-background-overlay\"><\/div>\n\t\t\t\t\t\t\t<div class=\"elementor-container elementor-column-gap-default\">\n\t\t\t\t\t<div class=\"elementor-column elementor-col-50 elementor-top-column elementor-element elementor-element-5cb994b1\" data-id=\"5cb994b1\" data-element_type=\"column\">\n\t\t\t<div class=\"elementor-widget-wrap elementor-element-populated\">\n\t\t\t\t\t\t\t\t<div class=\"elementor-element elementor-element-37880df7 elementor-widget elementor-widget-spacer\" data-id=\"37880df7\" data-element_type=\"widget\" data-widget_type=\"spacer.default\">\n\t\t\t\t<div class=\"elementor-widget-container\">\n\t\t\t<style>\/*! elementor - v3.8.0 - 30-10-2022 *\/\n.elementor-column .elementor-spacer-inner{height:var(--spacer-size)}.e-con{--container-widget-width:100%}.e-con-inner>.elementor-widget-spacer,.e-con>.elementor-widget-spacer{width:var(--container-widget-width,var(--spacer-size));-ms-flex-item-align:stretch;align-self:stretch;-ms-flex-negative:0;flex-shrink:0}.e-con-inner>.elementor-widget-spacer>.elementor-widget-container,.e-con-inner>.elementor-widget-spacer>.elementor-widget-container>.elementor-spacer,.e-con>.elementor-widget-spacer>.elementor-widget-container,.e-con>.elementor-widget-spacer>.elementor-widget-container>.elementor-spacer{height:100%}.e-con-inner>.elementor-widget-spacer>.elementor-widget-container>.elementor-spacer>.elementor-spacer-inner,.e-con>.elementor-widget-spacer>.elementor-widget-container>.elementor-spacer>.elementor-spacer-inner{height:var(--container-widget-height,var(--spacer-size))}<\/style>\t\t<div class=\"elementor-spacer\">\n\t\t\t<div class=\"elementor-spacer-inner\"><\/div>\n\t\t<\/div>\n\t\t\t\t<\/div>\n\t\t\t\t<\/div>\n\t\t\t\t<div class=\"elementor-element elementor-element-7d573a6 elementor-widget elementor-widget-heading\" data-id=\"7d573a6\" data-element_type=\"widget\" data-widget_type=\"heading.default\">\n\t\t\t\t<div class=\"elementor-widget-container\">\n\t\t\t<style>\/*! elementor - v3.8.0 - 30-10-2022 *\/\n.elementor-heading-title{padding:0;margin:0;line-height:1}.elementor-widget-heading .elementor-heading-title[class*=elementor-size-]>a{color:inherit;font-size:inherit;line-height:inherit}.elementor-widget-heading .elementor-heading-title.elementor-size-small{font-size:15px}.elementor-widget-heading .elementor-heading-title.elementor-size-medium{font-size:19px}.elementor-widget-heading .elementor-heading-title.elementor-size-large{font-size:29px}.elementor-widget-heading .elementor-heading-title.elementor-size-xl{font-size:39px}.elementor-widget-heading .elementor-heading-title.elementor-size-xxl{font-size:59px}<\/style><h2 class=\"elementor-heading-title elementor-size-default\">Pro Historia Polonorum Award<\/h2>\t\t<\/div>\n\t\t\t\t<\/div>\n\t\t\t\t<div class=\"elementor-element elementor-element-9877f13 elementor-widget elementor-widget-spacer\" data-id=\"9877f13\" data-element_type=\"widget\" data-widget_type=\"spacer.default\">\n\t\t\t\t<div class=\"elementor-widget-container\">\n\t\t\t\t\t<div class=\"elementor-spacer\">\n\t\t\t<div class=\"elementor-spacer-inner\"><\/div>\n\t\t<\/div>\n\t\t\t\t<\/div>\n\t\t\t\t<\/div>\n\t\t\t\t<div class=\"elementor-element elementor-element-0461ab2 elementor-widget elementor-widget-text-editor\" data-id=\"0461ab2\" data-element_type=\"widget\" data-widget_type=\"text-editor.default\">\n\t\t\t\t<div class=\"elementor-widget-container\">\n\t\t\t<style>\/*! elementor - v3.8.0 - 30-10-2022 *\/\n.elementor-widget-text-editor.elementor-drop-cap-view-stacked .elementor-drop-cap{background-color:#818a91;color:#fff}.elementor-widget-text-editor.elementor-drop-cap-view-framed .elementor-drop-cap{color:#818a91;border:3px solid;background-color:transparent}.elementor-widget-text-editor:not(.elementor-drop-cap-view-default) .elementor-drop-cap{margin-top:8px}.elementor-widget-text-editor:not(.elementor-drop-cap-view-default) .elementor-drop-cap-letter{width:1em;height:1em}.elementor-widget-text-editor .elementor-drop-cap{float:left;text-align:center;line-height:1;font-size:50px}.elementor-widget-text-editor .elementor-drop-cap-letter{display:inline-block}<\/style>\t\t\t\t<p>As part of the 4th Congress of International Researchers of Polish History that will be held in Krak\u00f3w between 19 and 22 October 2022, the Pro Historia Polonorum Award for the best historical book on the history of Poland and Poles or the Central European region (including Polish history) published in a foreign publication and foreign language between 2017 and 2021 by researchers affiliated with foreign scientific institutions, will be awarded for the fourth time. Previous winners of the Award include Timothy Snyder, Antony Polonsky, and Robert Frost.<\/p>\t\t\t\t\t\t<\/div>\n\t\t\t\t<\/div>\n\t\t\t\t<div class=\"elementor-element elementor-element-6fd278a elementor-widget elementor-widget-text-editor\" data-id=\"6fd278a\" data-element_type=\"widget\" data-widget_type=\"text-editor.default\">\n\t\t\t\t<div class=\"elementor-widget-container\">\n\t\t\t\t\t\t\t<p><strong>Winner of the Pro Historia Polonorum Award<\/strong><\/p><p><strong>Richard Butterwick-Pawlikowski<\/strong>, for the book:<\/p><ul><li><strong><em>The Polish-Lithuanian Commonwealth, 1733-1795: Light and Flame<\/em>, Yale University Press, 2021<\/strong>.<\/li><\/ul><p>\u00a0<\/p><p><strong>Honorary Pro Historia Polonorum Award<\/strong><\/p><p><strong>Patrice Dabrowski,<\/strong> for lifetime achievement, including books:<\/p><ul><li><em>The Carpathians: Discovering the Highlands of Poland and Ukraine<\/em>, Ithaca, 2021.<\/li><li><em>Poland: The First Thousand Years<\/em>, Northern Illinois University Press, 2016<\/li><li><em>Commemorations and the Shaping of Modern Poland<\/em>, Indiana University Press, 2004<\/li><\/ul><p>\u00a0<\/p><p><strong>Books nominated for the award:<\/strong><\/p><ol><li>Butterwick R., <em>The Polish-Lithuanian Commonwealth, 1733-1795: Light and Flame<\/em>, Yale University Press, New Haven 2021.<\/li><li>Ciancia K., On <em>Civilization\u2019s Edge: A Polish Borderland in the Interwar World<\/em>, Oxford University Press, New York 2020.<\/li><li>Dabrowski P.M., <em>The Carpathians: Discovering the Highlands of Poland and Ukraine<\/em>, Ithaca, New York 2021.<\/li><li>Dadej I., <em>Beruf und Berufung transnational: Deusche und polnische Akademikerinnen in der Zwischenkriegszeit<\/em>, Osnabr\u00fcck 2019.<\/li><li>Fairweather J., <em>The Volunteer: One Man, an Underground Army, and the Secret Mission to Destroy Auschwitz<\/em>, New York, NY 2019.<\/li><li>Frey Y., <em>Histoire des Polonais en France<\/em>, Paris 2019.<\/li><li>Huener J., <em>The Polish Catholic Church Under German Occupation: The Reichsgau Wartheland,<\/em> 1939-1945, Bloomington, Indiana 2021.<\/li><li>M\u00fcller A., <em>If the Walls Could Speak: Inside a Women\u2019s Prison in Communist Poland<\/em>, Oxford University Press, Oxford, New York 2017.<\/li><li>Nowakowska N., <em>King Sigismund of Poland and Martin Luther: The Reformation before Confessionalization<\/em>, Oxford University Press, Oxford, New York 2018.<\/li><li>\u041a\u0440\u0438\u0445 \u0410.\u0410., \u041c\u0443\u043b\u0438\u043d\u0430 \u0421.\u0410., and \u0414\u0430\u043d\u0438\u043b\u044c\u0447\u0438\u043a \u0410., <em>\u0411\u0430\u0440\u0441\u043a\u0438\u0435 \u043a\u043e\u043d\u0444\u0435\u0434\u0435\u0440\u0430\u0442\u044b \u0432 \u0417\u0430\u043f\u0430\u0434\u043d\u043e\u0439 \u0421\u0438\u0431\u0438\u0440\u0438: \u0431\u0438\u043e\u0433\u0440\u0430\u0444\u0438\u0447\u0435\u0441\u043a\u0438\u0439 \u0441\u043b\u043e\u0432\u0430\u0440\u044c<\/em>, \u0410\u043b\u0435\u0442\u0435\u0439\u044f, \u0421\u0430\u043d\u043a\u0442-\u041f\u0435\u0442\u0435\u0440\u0431\u0443\u0440\u0433 2020.<\/li><\/ol>\t\t\t\t\t\t<\/div>\n\t\t\t\t<\/div>\n\t\t\t\t<div class=\"elementor-element elementor-element-70707c4 elementor-widget elementor-widget-text-editor\" data-id=\"70707c4\" data-element_type=\"widget\" data-widget_type=\"text-editor.default\">\n\t\t\t\t<div class=\"elementor-widget-container\">\n\t\t\t\t\t\t\t<p>Only researchers holding at least a doctoral degree are eligible to apply. Submissions must include a brief substantive justification and a copy of the paper submitted (in any form). Papers must be submitted by 31 January 2022 using the submission<\/p><p>\u00a0<\/p>\t\t\t\t\t\t<\/div>\n\t\t\t\t<\/div>\n\t\t\t\t<div class=\"elementor-element elementor-element-32f8825 elementor-align-center elementor-widget elementor-widget-button\" data-id=\"32f8825\" data-element_type=\"widget\" data-widget_type=\"button.default\">\n\t\t\t\t<div class=\"elementor-widget-container\">\n\t\t\t\t\t<div class=\"elementor-button-wrapper\">\n\t\t\t<a href=\"https:\/\/forms.gle\/VziNjUY9gxRs1ePs5\" class=\"elementor-button-link elementor-button elementor-size-lg\" role=\"button\">\n\t\t\t\t\t\t<span class=\"elementor-button-content-wrapper\">\n\t\t\t\t\t\t<span class=\"elementor-button-text\">Application form<\/span>\n\t\t<\/span>\n\t\t\t\t\t<\/a>\n\t\t<\/div>\n\t\t\t\t<\/div>\n\t\t\t\t<\/div>\n\t\t\t\t<div class=\"elementor-element elementor-element-6875ac9 elementor-widget elementor-widget-text-editor\" data-id=\"6875ac9\" data-element_type=\"widget\" data-widget_type=\"text-editor.default\">\n\t\t\t\t<div class=\"elementor-widget-container\">\n\t\t\t\t\t\t\t<p>The Jury appointed by the Congress Organising Committee will select the winners of the competition in July 2022, whereas the presentation of the main prize, as well as the nominations for the prize and the (possible) honorary special prize for a foreign author for outstanding contributions to Polish history, will take place during the Congress&#8217; opening ceremony on 19 October 2022.<\/p>\t\t\t\t\t\t<\/div>\n\t\t\t\t<\/div>\n\t\t\t\t<div class=\"elementor-element elementor-element-24e07ac elementor-widget elementor-widget-heading\" data-id=\"24e07ac\" data-element_type=\"widget\" data-widget_type=\"heading.default\">\n\t\t\t\t<div class=\"elementor-widget-container\">\n\t\t\t<h2 class=\"elementor-heading-title elementor-size-default\">Rules and Regulations of the Pro Historia Polonorum Award\n<\/h2>\t\t<\/div>\n\t\t\t\t<\/div>\n\t\t\t\t<div class=\"elementor-element elementor-element-b36885f elementor-widget elementor-widget-text-editor\" data-id=\"b36885f\" data-element_type=\"widget\" data-widget_type=\"text-editor.default\">\n\t\t\t\t<div class=\"elementor-widget-container\">\n\t\t\t\t\t\t\t<p>1. Only original scientific books on the history of Poland and Poles or the Central European region<br>(including Polish history), published in foreign publications and a foreign language between 2017 and<br>2021 by researchers affiliated with foreign academic institutions may be submitted for the award<br>competition.<br>2. The Competition Jury is appointed by the Organising Committee of the 4th Congress of International<br>Researchers of Polish History. It includes:<\/p>\n<p>Jury President:<br>Prof. dr hab. Stanis\u0142aw Sroka &#8211; Dean of the Faculty of History of the Jagiellonian University<br>Secretary<br>dr Stanis\u0142aw Witecki<br>Members:<br>Prof. Antony Polonsky<br>Prof. dr hab. Micha\u0142 Baczkowski<br>Prof. dr hab. Andrzej Chwalba<br>Prof. dr hab. Adam Ka\u017amierczyk<br>Prof. dr hab. Andrzej Nowak<br>Prof. dr hab. Maciej Salamon<br>Prof. dr hab. Mariusz Wo\u0142os<br>Prof. dr hab. Krzysztof Zamorski<br>Dr hab. Tadeusz Czekalski, prof. UJ<br>Dr hab. Monika Golonka-Czajkowska, prof. UJ<br>Dr hab. Barbara Klich-Kluczewska, prof. UJ<br>Dr hab. Marta Kurkowska-Budan, prof. UJ<br>Dr hab. Mateusz Wy\u017cga, prof. UP<br>Dr Wiktoria Kudela-\u015awi\u0105tek<\/p>\n<p>3. Only researchers holding at least a doctoral degree are eligible to apply. Book must be submitted by 31<br>January 2022 using the submission form available here: https:\/\/forms.gle\/VziNjUY9gxRs1ePs5. Short<br>justification and an electronic copy of the submitted book should be included. The submitted work may<br>also be sent in printed form to the following address: Stanis\u0142aw Sroka, Dean of the Faculty of History of<br>the Jagiellonian University, ul. Go\u0142\u0119bia 24, 31-007 Krak\u00f3w, with the annotation &#8222;Pro Historia<br>Polonorum&#8221;.<br>4. The deadline for submissions is 31 January 2022.<br>5. The initial evaluation of all books submitted shall be conducted by the Jury Members at the request of<br>the Jury President:<br>6. Out of all books submitted, the Jury shall select between 5 and 10 that will be nominated for the award.<br>The books selected shall then be submitted for peer review.<\/p>\n<p>7. Finally, the Jury shall select one out of all the nominated and peer-reviewed books and award the first<br>prize to its author.<br>8. The Jury may also award an honorary special award to a single foreign researcher for a lifetime of<br>outstanding achievements regarding Polish history.<br>9. The award ceremony, which will include presenting the first prize \u2013 cash and the Gallus Anonymus<br>statuette \u2013 to the winner, as well as diplomas to all researchers whose works had been nominated for the<br>award, will be held publicly during the Congress&#8217; opening ceremony.<\/p>\t\t\t\t\t\t<\/div>\n\t\t\t\t<\/div>\n\t\t\t\t\t<\/div>\n\t\t<\/div>\n\t\t\t\t<div class=\"elementor-column elementor-col-50 elementor-top-column elementor-element elementor-element-1d37b18d\" data-id=\"1d37b18d\" data-element_type=\"column\">\n\t\t\t<div class=\"elementor-widget-wrap elementor-element-populated\">\n\t\t\t\t\t\t\t\t<section class=\"elementor-section elementor-inner-section elementor-element elementor-element-2f864286 elementor-section-boxed elementor-section-height-default elementor-section-height-default\" data-id=\"2f864286\" data-element_type=\"section\" data-settings=\"{&quot;background_background&quot;:&quot;classic&quot;}\">\n\t\t\t\t\t\t<div class=\"elementor-container elementor-column-gap-default\">\n\t\t\t\t\t<div class=\"elementor-column elementor-col-100 elementor-inner-column elementor-element elementor-element-76543f9\" data-id=\"76543f9\" data-element_type=\"column\">\n\t\t\t<div class=\"elementor-widget-wrap elementor-element-populated\">\n\t\t\t\t\t\t\t\t<div class=\"elementor-element elementor-element-44635dc9 elementor-widget elementor-widget-heading\" data-id=\"44635dc9\" data-element_type=\"widget\" data-widget_type=\"heading.default\">\n\t\t\t\t<div class=\"elementor-widget-container\">\n\t\t\t<h2 class=\"elementor-heading-title elementor-size-default\">Congress Secretariat<\/h2>\t\t<\/div>\n\t\t\t\t<\/div>\n\t\t\t\t<div class=\"elementor-element elementor-element-2db21eb2 elementor-widget elementor-widget-spacer\" data-id=\"2db21eb2\" data-element_type=\"widget\" data-widget_type=\"spacer.default\">\n\t\t\t\t<div class=\"elementor-widget-container\">\n\t\t\t\t\t<div class=\"elementor-spacer\">\n\t\t\t<div class=\"elementor-spacer-inner\"><\/div>\n\t\t<\/div>\n\t\t\t\t<\/div>\n\t\t\t\t<\/div>\n\t\t\t\t<div class=\"elementor-element elementor-element-3f6d240a elementor-widget elementor-widget-heading\" data-id=\"3f6d240a\" data-element_type=\"widget\" data-widget_type=\"heading.default\">\n\t\t\t\t<div class=\"elementor-widget-container\">\n\t\t\t<h2 class=\"elementor-heading-title elementor-size-default\">Polish Historical Association, Krakow Branch\nul. Go\u0142\u0119bia 13 31-007 Krak\u00f3w\nemail: <b>sekretariat.ivkongres@uj.edu.pl<\/b><\/h2>\t\t<\/div>\n\t\t\t\t<\/div>\n\t\t\t\t\t<\/div>\n\t\t<\/div>\n\t\t\t\t\t\t\t<\/div>\n\t\t<\/section>\n\t\t\t\t<div class=\"elementor-element elementor-element-2fbe782f elementor-widget-divider--view-line elementor-widget elementor-widget-divider\" data-id=\"2fbe782f\" data-element_type=\"widget\" data-widget_type=\"divider.default\">\n\t\t\t\t<div class=\"elementor-widget-container\">\n\t\t\t<style>\/*! elementor - v3.8.0 - 30-10-2022 *\/\n.elementor-widget-divider{--divider-border-style:none;--divider-border-width:1px;--divider-color:#2c2c2c;--divider-icon-size:20px;--divider-element-spacing:10px;--divider-pattern-height:24px;--divider-pattern-size:20px;--divider-pattern-url:none;--divider-pattern-repeat:repeat-x}.elementor-widget-divider .elementor-divider{display:-webkit-box;display:-ms-flexbox;display:flex}.elementor-widget-divider .elementor-divider__text{font-size:15px;line-height:1;max-width:95%}.elementor-widget-divider .elementor-divider__element{margin:0 var(--divider-element-spacing);-ms-flex-negative:0;flex-shrink:0}.elementor-widget-divider .elementor-icon{font-size:var(--divider-icon-size)}.elementor-widget-divider .elementor-divider-separator{display:-webkit-box;display:-ms-flexbox;display:flex;margin:0;direction:ltr}.elementor-widget-divider--view-line_icon .elementor-divider-separator,.elementor-widget-divider--view-line_text .elementor-divider-separator{-webkit-box-align:center;-ms-flex-align:center;align-items:center}.elementor-widget-divider--view-line_icon .elementor-divider-separator:after,.elementor-widget-divider--view-line_icon .elementor-divider-separator:before,.elementor-widget-divider--view-line_text .elementor-divider-separator:after,.elementor-widget-divider--view-line_text .elementor-divider-separator:before{display:block;content:\"\";border-bottom:0;-webkit-box-flex:1;-ms-flex-positive:1;flex-grow:1;border-top:var(--divider-border-width) var(--divider-border-style) var(--divider-color)}.elementor-widget-divider--element-align-left .elementor-divider .elementor-divider-separator>.elementor-divider__svg:first-of-type{-webkit-box-flex:0;-ms-flex-positive:0;flex-grow:0;-ms-flex-negative:100;flex-shrink:100}.elementor-widget-divider--element-align-left .elementor-divider-separator:before{content:none}.elementor-widget-divider--element-align-left .elementor-divider__element{margin-left:0}.elementor-widget-divider--element-align-right .elementor-divider .elementor-divider-separator>.elementor-divider__svg:last-of-type{-webkit-box-flex:0;-ms-flex-positive:0;flex-grow:0;-ms-flex-negative:100;flex-shrink:100}.elementor-widget-divider--element-align-right .elementor-divider-separator:after{content:none}.elementor-widget-divider--element-align-right .elementor-divider__element{margin-right:0}.elementor-widget-divider:not(.elementor-widget-divider--view-line_text):not(.elementor-widget-divider--view-line_icon) .elementor-divider-separator{border-top:var(--divider-border-width) var(--divider-border-style) var(--divider-color)}.elementor-widget-divider--separator-type-pattern{--divider-border-style:none}.elementor-widget-divider--separator-type-pattern.elementor-widget-divider--view-line .elementor-divider-separator,.elementor-widget-divider--separator-type-pattern:not(.elementor-widget-divider--view-line) .elementor-divider-separator:after,.elementor-widget-divider--separator-type-pattern:not(.elementor-widget-divider--view-line) .elementor-divider-separator:before,.elementor-widget-divider--separator-type-pattern:not([class*=elementor-widget-divider--view]) .elementor-divider-separator{width:100%;min-height:var(--divider-pattern-height);-webkit-mask-size:var(--divider-pattern-size) 100%;mask-size:var(--divider-pattern-size) 100%;-webkit-mask-repeat:var(--divider-pattern-repeat);mask-repeat:var(--divider-pattern-repeat);background-color:var(--divider-color);-webkit-mask-image:var(--divider-pattern-url);mask-image:var(--divider-pattern-url)}.elementor-widget-divider--no-spacing{--divider-pattern-size:auto}.elementor-widget-divider--bg-round{--divider-pattern-repeat:round}.rtl .elementor-widget-divider .elementor-divider__text{direction:rtl}.e-con-inner>.elementor-widget-divider,.e-con>.elementor-widget-divider{width:var(--container-widget-width,100%)}<\/style>\t\t<div class=\"elementor-divider\">\n\t\t\t<span class=\"elementor-divider-separator\">\n\t\t\t\t\t\t<\/span>\n\t\t<\/div>\n\t\t\t\t<\/div>\n\t\t\t\t<\/div>\n\t\t\t\t<div class=\"elementor-element elementor-element-3defed3d elementor-widget elementor-widget-image\" data-id=\"3defed3d\" data-element_type=\"widget\" data-widget_type=\"image.default\">\n\t\t\t\t<div class=\"elementor-widget-container\">\n\t\t\t<style>\/*! elementor - v3.8.0 - 30-10-2022 *\/\n.elementor-widget-image{text-align:center}.elementor-widget-image a{display:inline-block}.elementor-widget-image a img[src$=\".svg\"]{width:48px}.elementor-widget-image img{vertical-align:middle;display:inline-block}<\/style>\t\t\t\t\t\t\t\t\t\t\t\t<img loading=\"lazy\" decoding=\"async\" width=\"800\" height=\"202\" src=\"https:\/\/coph2022.pl\/wp-content\/uploads\/2022\/06\/logo_tekst_pth-1024x258.png\" class=\"attachment-large size-large\" alt=\"\" srcset=\"https:\/\/coph2022.pl\/wp-content\/uploads\/2022\/06\/logo_tekst_pth-1024x258.png 1024w, https:\/\/coph2022.pl\/wp-content\/uploads\/2022\/06\/logo_tekst_pth-300x75.png 300w, https:\/\/coph2022.pl\/wp-content\/uploads\/2022\/06\/logo_tekst_pth-768x193.png 768w, https:\/\/coph2022.pl\/wp-content\/uploads\/2022\/06\/logo_tekst_pth.png 1391w\" sizes=\"(max-width: 800px) 100vw, 800px\" \/>\t\t\t\t\t\t\t\t\t\t\t\t\t\t\t<\/div>\n\t\t\t\t<\/div>\n\t\t\t\t<div class=\"elementor-element elementor-element-1686406 elementor-widget-divider--view-line elementor-widget elementor-widget-divider\" data-id=\"1686406\" data-element_type=\"widget\" data-widget_type=\"divider.default\">\n\t\t\t\t<div class=\"elementor-widget-container\">\n\t\t\t\t\t<div class=\"elementor-divider\">\n\t\t\t<span class=\"elementor-divider-separator\">\n\t\t\t\t\t\t<\/span>\n\t\t<\/div>\n\t\t\t\t<\/div>\n\t\t\t\t<\/div>\n\t\t\t\t<div class=\"elementor-element elementor-element-7006d33f elementor-widget elementor-widget-image\" data-id=\"7006d33f\" data-element_type=\"widget\" data-widget_type=\"image.default\">\n\t\t\t\t<div class=\"elementor-widget-container\">\n\t\t\t\t\t\t\t\t\t\t\t\t\t\t\t<img loading=\"lazy\" decoding=\"async\" width=\"800\" height=\"255\" src=\"https:\/\/coph2022.pl\/wp-content\/uploads\/2022\/06\/Bez-nazwy1-1024x326.jpg\" class=\"attachment-large size-large\" alt=\"\" srcset=\"https:\/\/coph2022.pl\/wp-content\/uploads\/2022\/06\/Bez-nazwy1-1024x326.jpg 1024w, https:\/\/coph2022.pl\/wp-content\/uploads\/2022\/06\/Bez-nazwy1-300x95.jpg 300w, https:\/\/coph2022.pl\/wp-content\/uploads\/2022\/06\/Bez-nazwy1-768x244.jpg 768w, https:\/\/coph2022.pl\/wp-content\/uploads\/2022\/06\/Bez-nazwy1-1536x489.jpg 1536w, https:\/\/coph2022.pl\/wp-content\/uploads\/2022\/06\/Bez-nazwy1.jpg 1873w\" sizes=\"(max-width: 800px) 100vw, 800px\" \/>\t\t\t\t\t\t\t\t\t\t\t\t\t\t\t<\/div>\n\t\t\t\t<\/div>\n\t\t\t\t<div class=\"elementor-element elementor-element-250d7db2 elementor-widget-divider--view-line elementor-widget elementor-widget-divider\" data-id=\"250d7db2\" data-element_type=\"widget\" data-widget_type=\"divider.default\">\n\t\t\t\t<div class=\"elementor-widget-container\">\n\t\t\t\t\t<div class=\"elementor-divider\">\n\t\t\t<span class=\"elementor-divider-separator\">\n\t\t\t\t\t\t<\/span>\n\t\t<\/div>\n\t\t\t\t<\/div>\n\t\t\t\t<\/div>\n\t\t\t\t<div class=\"elementor-element elementor-element-2e8da440 elementor-widget elementor-widget-image\" data-id=\"2e8da440\" data-element_type=\"widget\" data-widget_type=\"image.default\">\n\t\t\t\t<div class=\"elementor-widget-container\">\n\t\t\t\t\t\t\t\t\t\t\t\t\t\t\t<img loading=\"lazy\" decoding=\"async\" width=\"800\" height=\"800\" src=\"https:\/\/coph2022.pl\/wp-content\/uploads\/2022\/06\/logoUP_organizator-1024x1024.png\" class=\"attachment-large size-large\" alt=\"\" srcset=\"https:\/\/coph2022.pl\/wp-content\/uploads\/2022\/06\/logoUP_organizator-1024x1024.png 1024w, https:\/\/coph2022.pl\/wp-content\/uploads\/2022\/06\/logoUP_organizator-300x300.png 300w, https:\/\/coph2022.pl\/wp-content\/uploads\/2022\/06\/logoUP_organizator-150x150.png 150w, https:\/\/coph2022.pl\/wp-content\/uploads\/2022\/06\/logoUP_organizator-768x769.png 768w, https:\/\/coph2022.pl\/wp-content\/uploads\/2022\/06\/logoUP_organizator.png 1439w\" sizes=\"(max-width: 800px) 100vw, 800px\" \/>\t\t\t\t\t\t\t\t\t\t\t\t\t\t\t<\/div>\n\t\t\t\t<\/div>\n\t\t\t\t<div class=\"elementor-element elementor-element-30ef08d6 elementor-widget-divider--view-line elementor-widget elementor-widget-divider\" data-id=\"30ef08d6\" data-element_type=\"widget\" data-widget_type=\"divider.default\">\n\t\t\t\t<div class=\"elementor-widget-container\">\n\t\t\t\t\t<div class=\"elementor-divider\">\n\t\t\t<span class=\"elementor-divider-separator\">\n\t\t\t\t\t\t<\/span>\n\t\t<\/div>\n\t\t\t\t<\/div>\n\t\t\t\t<\/div>\n\t\t\t\t\t<\/div>\n\t\t<\/div>\n\t\t\t\t\t\t\t<\/div>\n\t\t<\/section>\n\t\t\t\t\t\t\t<\/div>\n\t\t","protected":false},"excerpt":{"rendered":"<p>Pro Historia Polonorum Award As part of the 4th Congress of International Researchers of Polish History that will be held in Krak\u00f3w between 19 and 22 October 2022, the Pro Historia Polonorum Award for the best historical book on the history of Poland and Poles or the Central European region (including Polish history) published in [&hellip;]<\/p>\n","protected":false},"author":1,"featured_media":0,"parent":0,"menu_order":0,"comment_status":"closed","ping_status":"closed","template":"elementor_header_footer","meta":{"footnotes":""},"_links":{"self":[{"href":"https:\/\/coph2022.pl\/index.php?rest_route=\/wp\/v2\/pages\/577"}],"collection":[{"href":"https:\/\/coph2022.pl\/index.php?rest_route=\/wp\/v2\/pages"}],"about":[{"href":"https:\/\/coph2022.pl\/index.php?rest_route=\/wp\/v2\/types\/page"}],"author":[{"embeddable":true,"href":"https:\/\/coph2022.pl\/index.php?rest_route=\/wp\/v2\/users\/1"}],"replies":[{"embeddable":true,"href":"https:\/\/coph2022.pl\/index.php?rest_route=%2Fwp%2Fv2%2Fcomments&post=577"}],"version-history":[{"count":43,"href":"https:\/\/coph2022.pl\/index.php?rest_route=\/wp\/v2\/pages\/577\/revisions"}],"predecessor-version":[{"id":1881,"href":"https:\/\/coph2022.pl\/index.php?rest_route=\/wp\/v2\/pages\/577\/revisions\/1881"}],"wp:attachment":[{"href":"https:\/\/coph2022.pl\/index.php?rest_route=%2Fwp%2Fv2%2Fmedia&parent=577"}],"curies":[{"name":"wp","href":"https:\/\/api.w.org\/{rel}","templated":true}]}}