{"id":588,"date":"2022-06-09T21:26:11","date_gmt":"2022-06-09T21:26:11","guid":{"rendered":"https:\/\/coph2022.pl\/?page_id=588"},"modified":"2022-10-13T08:16:07","modified_gmt":"2022-10-13T08:16:07","slug":"organisers-partners","status":"publish","type":"page","link":"https:\/\/coph2022.pl\/?page_id=588&lang=en","title":{"rendered":"Organisers &#038; Partners"},"content":{"rendered":"\t\t<div data-elementor-type=\"wp-page\" data-elementor-id=\"588\" class=\"elementor elementor-588\">\n\t\t\t\t\t\t\t\t\t<section class=\"elementor-section elementor-top-section elementor-element elementor-element-30079df elementor-section-boxed elementor-section-height-default elementor-section-height-default\" data-id=\"30079df\" data-element_type=\"section\">\n\t\t\t\t\t\t\t<div class=\"elementor-background-overlay\"><\/div>\n\t\t\t\t\t\t\t<div class=\"elementor-container elementor-column-gap-default\">\n\t\t\t\t\t<div class=\"elementor-column elementor-col-100 elementor-top-column elementor-element elementor-element-27b12b5\" data-id=\"27b12b5\" data-element_type=\"column\">\n\t\t\t<div class=\"elementor-widget-wrap elementor-element-populated\">\n\t\t\t\t\t\t\t\t<div class=\"elementor-element elementor-element-5287468 elementor-widget elementor-widget-heading\" data-id=\"5287468\" data-element_type=\"widget\" data-widget_type=\"heading.default\">\n\t\t\t\t<div class=\"elementor-widget-container\">\n\t\t\t<style>\/*! elementor - v3.8.0 - 30-10-2022 *\/\n.elementor-heading-title{padding:0;margin:0;line-height:1}.elementor-widget-heading .elementor-heading-title[class*=elementor-size-]>a{color:inherit;font-size:inherit;line-height:inherit}.elementor-widget-heading .elementor-heading-title.elementor-size-small{font-size:15px}.elementor-widget-heading .elementor-heading-title.elementor-size-medium{font-size:19px}.elementor-widget-heading .elementor-heading-title.elementor-size-large{font-size:29px}.elementor-widget-heading .elementor-heading-title.elementor-size-xl{font-size:39px}.elementor-widget-heading .elementor-heading-title.elementor-size-xxl{font-size:59px}<\/style><h2 class=\"elementor-heading-title elementor-size-default\">honorary patronage\naccepted:<\/h2>\t\t<\/div>\n\t\t\t\t<\/div>\n\t\t\t\t<div class=\"elementor-element elementor-element-4bf5b47 elementor-widget elementor-widget-image\" data-id=\"4bf5b47\" data-element_type=\"widget\" data-widget_type=\"image.default\">\n\t\t\t\t<div class=\"elementor-widget-container\">\n\t\t\t<style>\/*! elementor - v3.8.0 - 30-10-2022 *\/\n.elementor-widget-image{text-align:center}.elementor-widget-image a{display:inline-block}.elementor-widget-image a img[src$=\".svg\"]{width:48px}.elementor-widget-image img{vertical-align:middle;display:inline-block}<\/style>\t\t\t\t\t\t\t\t\t\t\t\t<img loading=\"lazy\" decoding=\"async\" width=\"800\" height=\"321\" src=\"https:\/\/coph2022.pl\/wp-content\/uploads\/2022\/10\/11.png\" class=\"attachment-large size-large\" alt=\"\" srcset=\"https:\/\/coph2022.pl\/wp-content\/uploads\/2022\/10\/11.png 938w, https:\/\/coph2022.pl\/wp-content\/uploads\/2022\/10\/11-300x120.png 300w, https:\/\/coph2022.pl\/wp-content\/uploads\/2022\/10\/11-768x308.png 768w\" sizes=\"(max-width: 800px) 100vw, 800px\" \/>\t\t\t\t\t\t\t\t\t\t\t\t\t\t\t<\/div>\n\t\t\t\t<\/div>\n\t\t\t\t<div class=\"elementor-element elementor-element-9344071 elementor-widget elementor-widget-heading\" data-id=\"9344071\" data-element_type=\"widget\" data-widget_type=\"heading.default\">\n\t\t\t\t<div class=\"elementor-widget-container\">\n\t\t\t<h2 class=\"elementor-heading-title elementor-size-default\">organizer:<\/h2>\t\t<\/div>\n\t\t\t\t<\/div>\n\t\t\t\t<div class=\"elementor-element elementor-element-ae2600e elementor-widget elementor-widget-image\" data-id=\"ae2600e\" data-element_type=\"widget\" data-widget_type=\"image.default\">\n\t\t\t\t<div class=\"elementor-widget-container\">\n\t\t\t\t\t\t\t\t\t\t\t\t\t\t\t<img loading=\"lazy\" decoding=\"async\" width=\"800\" height=\"221\" src=\"https:\/\/coph2022.pl\/wp-content\/uploads\/2022\/10\/12-1024x283.png\" class=\"attachment-large size-large\" alt=\"\" srcset=\"https:\/\/coph2022.pl\/wp-content\/uploads\/2022\/10\/12-1024x283.png 1024w, https:\/\/coph2022.pl\/wp-content\/uploads\/2022\/10\/12-300x83.png 300w, https:\/\/coph2022.pl\/wp-content\/uploads\/2022\/10\/12-768x212.png 768w, https:\/\/coph2022.pl\/wp-content\/uploads\/2022\/10\/12.png 1093w\" sizes=\"(max-width: 800px) 100vw, 800px\" \/>\t\t\t\t\t\t\t\t\t\t\t\t\t\t\t<\/div>\n\t\t\t\t<\/div>\n\t\t\t\t<div class=\"elementor-element elementor-element-a2c4a73 elementor-widget elementor-widget-heading\" data-id=\"a2c4a73\" data-element_type=\"widget\" data-widget_type=\"heading.default\">\n\t\t\t\t<div class=\"elementor-widget-container\">\n\t\t\t<h2 class=\"elementor-heading-title elementor-size-default\">co-organizers:<\/h2>\t\t<\/div>\n\t\t\t\t<\/div>\n\t\t\t\t<div class=\"elementor-element elementor-element-188ab62 elementor-widget elementor-widget-image\" data-id=\"188ab62\" data-element_type=\"widget\" data-widget_type=\"image.default\">\n\t\t\t\t<div class=\"elementor-widget-container\">\n\t\t\t\t\t\t\t\t\t\t\t\t\t\t\t<img loading=\"lazy\" decoding=\"async\" width=\"800\" height=\"112\" src=\"https:\/\/coph2022.pl\/wp-content\/uploads\/2022\/10\/13-1024x143.png\" class=\"attachment-large size-large\" alt=\"\" srcset=\"https:\/\/coph2022.pl\/wp-content\/uploads\/2022\/10\/13-1024x143.png 1024w, https:\/\/coph2022.pl\/wp-content\/uploads\/2022\/10\/13-300x42.png 300w, https:\/\/coph2022.pl\/wp-content\/uploads\/2022\/10\/13-768x107.png 768w, https:\/\/coph2022.pl\/wp-content\/uploads\/2022\/10\/13.png 1235w\" sizes=\"(max-width: 800px) 100vw, 800px\" \/>\t\t\t\t\t\t\t\t\t\t\t\t\t\t\t<\/div>\n\t\t\t\t<\/div>\n\t\t\t\t<div class=\"elementor-element elementor-element-ef5fbea elementor-widget elementor-widget-heading\" data-id=\"ef5fbea\" data-element_type=\"widget\" data-widget_type=\"heading.default\">\n\t\t\t\t<div class=\"elementor-widget-container\">\n\t\t\t<h2 class=\"elementor-heading-title elementor-size-default\">media patronage:<\/h2>\t\t<\/div>\n\t\t\t\t<\/div>\n\t\t\t\t<div class=\"elementor-element elementor-element-58fcb55 elementor-widget elementor-widget-image\" data-id=\"58fcb55\" data-element_type=\"widget\" data-widget_type=\"image.default\">\n\t\t\t\t<div class=\"elementor-widget-container\">\n\t\t\t\t\t\t\t\t\t\t\t\t\t\t\t<img loading=\"lazy\" decoding=\"async\" width=\"800\" height=\"109\" src=\"https:\/\/coph2022.pl\/wp-content\/uploads\/2022\/10\/14-1024x140.png\" class=\"attachment-large size-large\" alt=\"\" srcset=\"https:\/\/coph2022.pl\/wp-content\/uploads\/2022\/10\/14-1024x140.png 1024w, https:\/\/coph2022.pl\/wp-content\/uploads\/2022\/10\/14-300x41.png 300w, https:\/\/coph2022.pl\/wp-content\/uploads\/2022\/10\/14-768x105.png 768w, https:\/\/coph2022.pl\/wp-content\/uploads\/2022\/10\/14.png 1235w\" sizes=\"(max-width: 800px) 100vw, 800px\" \/>\t\t\t\t\t\t\t\t\t\t\t\t\t\t\t<\/div>\n\t\t\t\t<\/div>\n\t\t\t\t<div class=\"elementor-element elementor-element-65d14d4 elementor-widget elementor-widget-spacer\" data-id=\"65d14d4\" data-element_type=\"widget\" data-widget_type=\"spacer.default\">\n\t\t\t\t<div class=\"elementor-widget-container\">\n\t\t\t<style>\/*! elementor - v3.8.0 - 30-10-2022 *\/\n.elementor-column .elementor-spacer-inner{height:var(--spacer-size)}.e-con{--container-widget-width:100%}.e-con-inner>.elementor-widget-spacer,.e-con>.elementor-widget-spacer{width:var(--container-widget-width,var(--spacer-size));-ms-flex-item-align:stretch;align-self:stretch;-ms-flex-negative:0;flex-shrink:0}.e-con-inner>.elementor-widget-spacer>.elementor-widget-container,.e-con-inner>.elementor-widget-spacer>.elementor-widget-container>.elementor-spacer,.e-con>.elementor-widget-spacer>.elementor-widget-container,.e-con>.elementor-widget-spacer>.elementor-widget-container>.elementor-spacer{height:100%}.e-con-inner>.elementor-widget-spacer>.elementor-widget-container>.elementor-spacer>.elementor-spacer-inner,.e-con>.elementor-widget-spacer>.elementor-widget-container>.elementor-spacer>.elementor-spacer-inner{height:var(--container-widget-height,var(--spacer-size))}<\/style>\t\t<div class=\"elementor-spacer\">\n\t\t\t<div class=\"elementor-spacer-inner\"><\/div>\n\t\t<\/div>\n\t\t\t\t<\/div>\n\t\t\t\t<\/div>\n\t\t\t\t<div class=\"elementor-element elementor-element-33f9864 elementor-widget elementor-widget-heading\" data-id=\"33f9864\" data-element_type=\"widget\" data-widget_type=\"heading.default\">\n\t\t\t\t<div class=\"elementor-widget-container\">\n\t\t\t<h3 class=\"elementor-heading-title elementor-size-default\">Financed by the strategic program \u201cExcellence Initiative \u2013 Research University\u201d at the Pedagogical University in Krakow<\/h3>\t\t<\/div>\n\t\t\t\t<\/div>\n\t\t\t\t<div class=\"elementor-element elementor-element-304eafa elementor-widget elementor-widget-spacer\" data-id=\"304eafa\" data-element_type=\"widget\" data-widget_type=\"spacer.default\">\n\t\t\t\t<div class=\"elementor-widget-container\">\n\t\t\t\t\t<div class=\"elementor-spacer\">\n\t\t\t<div class=\"elementor-spacer-inner\"><\/div>\n\t\t<\/div>\n\t\t\t\t<\/div>\n\t\t\t\t<\/div>\n\t\t\t\t<div class=\"elementor-element elementor-element-cfe47ef elementor-widget elementor-widget-heading\" data-id=\"cfe47ef\" data-element_type=\"widget\" data-widget_type=\"heading.default\">\n\t\t\t\t<div class=\"elementor-widget-container\">\n\t\t\t<h2 class=\"elementor-heading-title elementor-size-default\">Honorary Committee<\/h2>\t\t<\/div>\n\t\t\t\t<\/div>\n\t\t\t\t<div class=\"elementor-element elementor-element-3b69635 elementor-widget elementor-widget-text-editor\" data-id=\"3b69635\" data-element_type=\"widget\" data-widget_type=\"text-editor.default\">\n\t\t\t\t<div class=\"elementor-widget-container\">\n\t\t\t<style>\/*! elementor - v3.8.0 - 30-10-2022 *\/\n.elementor-widget-text-editor.elementor-drop-cap-view-stacked .elementor-drop-cap{background-color:#818a91;color:#fff}.elementor-widget-text-editor.elementor-drop-cap-view-framed .elementor-drop-cap{color:#818a91;border:3px solid;background-color:transparent}.elementor-widget-text-editor:not(.elementor-drop-cap-view-default) .elementor-drop-cap{margin-top:8px}.elementor-widget-text-editor:not(.elementor-drop-cap-view-default) .elementor-drop-cap-letter{width:1em;height:1em}.elementor-widget-text-editor .elementor-drop-cap{float:left;text-align:center;line-height:1;font-size:50px}.elementor-widget-text-editor .elementor-drop-cap-letter{display:inline-block}<\/style>\t\t\t\t<p>prof. dr hab. Jacek Popiel \u2013 Rektor Uniwersytetu Jagiello\u0144skiego<br \/>prof. dr hab. Piotr Borek \u2013 Rektor Uniwersytetu Pedagogicznego im. KEN<br \/>prof. dr hab. Andrzej Chwalba \u2013 Wiceprezes PTH, Przewodnicz\u0105cy Komitetu Honorowego<br \/>prof. dr hab. Kazimierz Karolczak<br \/>prof. dr hab. Zdzis\u0142aw Noga<br \/>prof. dr hab. Bo\u017cena Popio\u0142ek<br \/>prof. dr hab. Jacek Purchla<br \/>prof. dr hab. Maciej Salamon<br \/>prof. dr hab. Jan \u015awi\u0119ch<br \/>prof. dr hab. Marek Wilczy\u0144ski<br \/>prof. dr hab. Mariusz Wo\u0142os<br \/>prof. dr hab. Krzysztof Zamorski<\/p>\t\t\t\t\t\t<\/div>\n\t\t\t\t<\/div>\n\t\t\t\t<div class=\"elementor-element elementor-element-f4f03e0 elementor-widget elementor-widget-heading\" data-id=\"f4f03e0\" data-element_type=\"widget\" data-widget_type=\"heading.default\">\n\t\t\t\t<div class=\"elementor-widget-container\">\n\t\t\t<h2 class=\"elementor-heading-title elementor-size-default\">Organising Committee<\/h2>\t\t<\/div>\n\t\t\t\t<\/div>\n\t\t\t\t<div class=\"elementor-element elementor-element-18f3ada elementor-widget elementor-widget-text-editor\" data-id=\"18f3ada\" data-element_type=\"widget\" data-widget_type=\"text-editor.default\">\n\t\t\t\t<div class=\"elementor-widget-container\">\n\t\t\t\t\t\t\t<p>dr hab. Agnieszka Ch\u0142osta-Sikorska, prof. UP \u2013 Wsp\u00f3\u0142przewodnicz\u0105ca<br \/>dr Marcin Jarz\u0105bek \u2013 Wsp\u00f3\u0142przewodnicz\u0105cy<br \/>dr hab. Katarzyna Kuras, prof. UJ<br \/>dr Konrad Meus<br \/>dr Kamil Rusza\u0142a<br \/>prof. dr hab. \u0141ukasz T. Sroka<br \/>prof. dr hab. Stanis\u0142aw Sroka \u2013 Dziekan Wydzia\u0142u Historycznego, Przewodnicz\u0105cy Kapitu\u0142y<br \/>Nagrody Pro Historia Polonorum<br \/>dr Stanis\u0142aw Witecki \u2013 sekretarz Kapitu\u0142y Nagrody Pro Historia Polonorum<br \/>dr hab. Piotr Wr\u00f3bel, prof. UJ<br \/>dr hab. Anna Zapalec, prof. UP<br \/>dr Jacek Zinkiewicz \u2013 Muzeum Krakowa<br \/>mgr Maciej Pilch<br \/>mgr Kinga Rozwadowska<br \/>mgr Micha\u0142 Rdzanek<\/p>\t\t\t\t\t\t<\/div>\n\t\t\t\t<\/div>\n\t\t\t\t<div class=\"elementor-element elementor-element-ade3f48 elementor-widget elementor-widget-heading\" data-id=\"ade3f48\" data-element_type=\"widget\" data-widget_type=\"heading.default\">\n\t\t\t\t<div class=\"elementor-widget-container\">\n\t\t\t<h2 class=\"elementor-heading-title elementor-size-default\">Secretaries of the Organising Committee<\/h2>\t\t<\/div>\n\t\t\t\t<\/div>\n\t\t\t\t<div class=\"elementor-element elementor-element-e13a98a elementor-widget elementor-widget-text-editor\" data-id=\"e13a98a\" data-element_type=\"widget\" data-widget_type=\"text-editor.default\">\n\t\t\t\t<div class=\"elementor-widget-container\">\n\t\t\t\t\t\t\t<p>mgr Sonia Knapczyk<\/p><p>dr Jakub Pieczara\u00a0<\/p>\t\t\t\t\t\t<\/div>\n\t\t\t\t<\/div>\n\t\t\t\t<div class=\"elementor-element elementor-element-103e8cb elementor-widget elementor-widget-heading\" data-id=\"103e8cb\" data-element_type=\"widget\" data-widget_type=\"heading.default\">\n\t\t\t\t<div class=\"elementor-widget-container\">\n\t\t\t<h2 class=\"elementor-heading-title elementor-size-default\">Program Council<\/h2>\t\t<\/div>\n\t\t\t\t<\/div>\n\t\t\t\t<div class=\"elementor-element elementor-element-7567450 elementor-widget elementor-widget-text-editor\" data-id=\"7567450\" data-element_type=\"widget\" data-widget_type=\"text-editor.default\">\n\t\t\t\t<div class=\"elementor-widget-container\">\n\t\t\t\t\t\t\t<p>dr hab. Agnieszka Ch\u0142osta-Sikorska, prof. UP \u2013 Wsp\u00f3\u0142przewodnicz\u0105ca<br \/>dr Marcin Jarz\u0105bek \u2013 Wsp\u00f3\u0142przewodnicz\u0105cy<br \/>prof. dr hab. Roman Czaja<br \/>prof. Karin Friedrich<br \/>prof. Robert Frost<br \/>prof. dr hab. Maciej Janowski<br \/>prof. dr hab. Jerzy Kochanowski<br \/>prof. dr hab. Zdzis\u0142aw Noga<br \/>prof. dr hab. Bo\u017cena Popio\u0142ek<br \/>prof. dr hab. Jacek Purchla<br \/>prof. dr hab. Stanis\u0142aw Sroka<br \/>rof. Keely Stauter-Halsted<br \/>prof. dr hab. Mariusz Wo\u0142os<br \/>prof. dr. Jurgita Verbickien\u0117<br \/>prof. dr hab. Myroslav Voloshchuk<br \/>PD. Dr. habil. Frank Wolff<br \/>PD. Dr. Heidi Hein-Kircher<br \/>PD. Dr. Katrin Steffen<br \/>apl prof. Dr. J\u00fcrgen Heyde<br \/>dr hab. Andrzej Bonusiak, prof. UR<br \/>dr hab. Micha\u0142 Galas, prof. UJ<br \/>dr hab. Maciej G\u00f3rny, prof. IHA PAN<br \/>dr hab. Aleksandra Jak\u00f3bczyk-Gola<br \/>dr hab. Krzysztof Kania, prof. UMK<br \/>dr hab. Barbara Klich-Kluczewska, prof. UJ<br \/>dr hab. Katarzyna Kuras, prof. UJ<br \/>dr hab. W\u0142adys\u0142aw St\u0119pniak, prof. UMK<br \/>dr hab. Miko\u0142aj Szo\u0142tysek, prof. UKSW<br \/>dr hab. Wac\u0142aw Wierzbieniec, prof. UR<br \/>dr hab. Tomasz Wi\u015blicz, prof. IHA PAN<br \/>dr hab. Mateusz Wy\u017cga, prof. UP<br \/>dr hab. Anna Zapalec, prof. UP<br \/>dr Iwona Dadej<br \/>dr Mateusz Drozdowski<br \/>dr Dorota Drzewiecka<br \/>dr Anna Kalinowska<br \/>dr Pawe\u0142 Libera<br \/>dr Aleksander \u0141upienko<br \/>dr Wiktor Marzec<br \/>dr Konrad Meus<br \/>dr Christopher Moore<br \/>dr Micha\u0142 Niezabitowski<br \/>dr Vitaliy Nagirnyy<br \/>dr Beata Nykiel<br \/>dr Bartosz Og\u00f3rek<br \/>dr Joachim Popek<br \/>dr Krzysztof Popek<br \/>dr Eva Piirim\u00e4e<br \/>dr Piotr Puchalski<br \/>dr Micha\u0142 Przeperski<br \/>dr Kamil Rusza\u0142a<br \/>dr Pawe\u0142 S\u0119kowski<br \/>dr Jan Surman<br \/>dr Rados\u0142aw Szyma\u0144ski<br \/>dr Adam \u015awi\u0105tek<br \/>dr Maciej Zakrzewski<br \/>dr Jacek Zinkiewicz<br \/>mgr \u0141ukasz Galusek<br \/>mgr Adrian K\u0119dzierski<br \/>mgr Karolina Wanda Olszowska<\/p>\t\t\t\t\t\t<\/div>\n\t\t\t\t<\/div>\n\t\t\t\t<div class=\"elementor-element elementor-element-31ff2f6 elementor-widget elementor-widget-spacer\" data-id=\"31ff2f6\" data-element_type=\"widget\" data-widget_type=\"spacer.default\">\n\t\t\t\t<div class=\"elementor-widget-container\">\n\t\t\t\t\t<div class=\"elementor-spacer\">\n\t\t\t<div class=\"elementor-spacer-inner\"><\/div>\n\t\t<\/div>\n\t\t\t\t<\/div>\n\t\t\t\t<\/div>\n\t\t\t\t\t<\/div>\n\t\t<\/div>\n\t\t\t\t\t\t\t<\/div>\n\t\t<\/section>\n\t\t\t\t\t\t\t<\/div>\n\t\t","protected":false},"excerpt":{"rendered":"<p>honorary patronage accepted: organizer: co-organizers: media patronage: Financed by the strategic program \u201cExcellence Initiative \u2013 Research University\u201d at the Pedagogical University in Krakow Honorary Committee prof. dr hab. Jacek Popiel \u2013 Rektor Uniwersytetu Jagiello\u0144skiegoprof. dr hab. Piotr Borek \u2013 Rektor Uniwersytetu Pedagogicznego im. KENprof. dr hab. Andrzej Chwalba \u2013 Wiceprezes PTH, Przewodnicz\u0105cy Komitetu Honorowegoprof. dr [&hellip;]<\/p>\n","protected":false},"author":1,"featured_media":0,"parent":0,"menu_order":0,"comment_status":"closed","ping_status":"closed","template":"elementor_header_footer","meta":{"footnotes":""},"_links":{"self":[{"href":"https:\/\/coph2022.pl\/index.php?rest_route=\/wp\/v2\/pages\/588"}],"collection":[{"href":"https:\/\/coph2022.pl\/index.php?rest_route=\/wp\/v2\/pages"}],"about":[{"href":"https:\/\/coph2022.pl\/index.php?rest_route=\/wp\/v2\/types\/page"}],"author":[{"embeddable":true,"href":"https:\/\/coph2022.pl\/index.php?rest_route=\/wp\/v2\/users\/1"}],"replies":[{"embeddable":true,"href":"https:\/\/coph2022.pl\/index.php?rest_route=%2Fwp%2Fv2%2Fcomments&post=588"}],"version-history":[{"count":22,"href":"https:\/\/coph2022.pl\/index.php?rest_route=\/wp\/v2\/pages\/588\/revisions"}],"predecessor-version":[{"id":1289,"href":"https:\/\/coph2022.pl\/index.php?rest_route=\/wp\/v2\/pages\/588\/revisions\/1289"}],"wp:attachment":[{"href":"https:\/\/coph2022.pl\/index.php?rest_route=%2Fwp%2Fv2%2Fmedia&parent=588"}],"curies":[{"name":"wp","href":"https:\/\/api.w.org\/{rel}","templated":true}]}}