{"id":596,"date":"2022-06-12T17:22:16","date_gmt":"2022-06-12T17:22:16","guid":{"rendered":"https:\/\/coph2022.pl\/?page_id=596"},"modified":"2022-10-18T19:27:04","modified_gmt":"2022-10-18T19:27:04","slug":"cultural-programme-2","status":"publish","type":"page","link":"https:\/\/coph2022.pl\/?page_id=596&lang=en","title":{"rendered":"Cultural programme"},"content":{"rendered":"\t\t<div data-elementor-type=\"wp-page\" data-elementor-id=\"596\" class=\"elementor elementor-596\">\n\t\t\t\t\t\t\t\t\t<section class=\"elementor-section elementor-top-section elementor-element elementor-element-6695aeb elementor-section-boxed elementor-section-height-default elementor-section-height-default\" data-id=\"6695aeb\" data-element_type=\"section\">\n\t\t\t\t\t\t\t<div class=\"elementor-background-overlay\"><\/div>\n\t\t\t\t\t\t\t<div class=\"elementor-container elementor-column-gap-default\">\n\t\t\t\t\t<div class=\"elementor-column elementor-col-50 elementor-top-column elementor-element elementor-element-4d3f18d7\" data-id=\"4d3f18d7\" data-element_type=\"column\">\n\t\t\t<div class=\"elementor-widget-wrap elementor-element-populated\">\n\t\t\t\t\t\t\t\t<div class=\"elementor-element elementor-element-11912f15 elementor-widget elementor-widget-spacer\" data-id=\"11912f15\" data-element_type=\"widget\" data-widget_type=\"spacer.default\">\n\t\t\t\t<div class=\"elementor-widget-container\">\n\t\t\t<style>\/*! elementor - v3.8.0 - 30-10-2022 *\/\n.elementor-column .elementor-spacer-inner{height:var(--spacer-size)}.e-con{--container-widget-width:100%}.e-con-inner>.elementor-widget-spacer,.e-con>.elementor-widget-spacer{width:var(--container-widget-width,var(--spacer-size));-ms-flex-item-align:stretch;align-self:stretch;-ms-flex-negative:0;flex-shrink:0}.e-con-inner>.elementor-widget-spacer>.elementor-widget-container,.e-con-inner>.elementor-widget-spacer>.elementor-widget-container>.elementor-spacer,.e-con>.elementor-widget-spacer>.elementor-widget-container,.e-con>.elementor-widget-spacer>.elementor-widget-container>.elementor-spacer{height:100%}.e-con-inner>.elementor-widget-spacer>.elementor-widget-container>.elementor-spacer>.elementor-spacer-inner,.e-con>.elementor-widget-spacer>.elementor-widget-container>.elementor-spacer>.elementor-spacer-inner{height:var(--container-widget-height,var(--spacer-size))}<\/style>\t\t<div class=\"elementor-spacer\">\n\t\t\t<div class=\"elementor-spacer-inner\"><\/div>\n\t\t<\/div>\n\t\t\t\t<\/div>\n\t\t\t\t<\/div>\n\t\t\t\t<div class=\"elementor-element elementor-element-38a2d31 elementor-widget elementor-widget-text-editor\" data-id=\"38a2d31\" data-element_type=\"widget\" data-widget_type=\"text-editor.default\">\n\t\t\t\t<div class=\"elementor-widget-container\">\n\t\t\t<style>\/*! elementor - v3.8.0 - 30-10-2022 *\/\n.elementor-widget-text-editor.elementor-drop-cap-view-stacked .elementor-drop-cap{background-color:#818a91;color:#fff}.elementor-widget-text-editor.elementor-drop-cap-view-framed .elementor-drop-cap{color:#818a91;border:3px solid;background-color:transparent}.elementor-widget-text-editor:not(.elementor-drop-cap-view-default) .elementor-drop-cap{margin-top:8px}.elementor-widget-text-editor:not(.elementor-drop-cap-view-default) .elementor-drop-cap-letter{width:1em;height:1em}.elementor-widget-text-editor .elementor-drop-cap{float:left;text-align:center;line-height:1;font-size:50px}.elementor-widget-text-editor .elementor-drop-cap-letter{display:inline-block}<\/style>\t\t\t\t<p><strong><b>19 October 2022, 8 p.m.<\/b><\/strong><br \/>A formal banquet a banquet organized by the President of Krak\u00f3w,<br \/>Wielopolski Palace, pl. Wszystkich \u015awi\u0119tych 3-4 (ENTRY ONLY BY INVITATION)<\/p><p><strong><b>20 October 2022, 7 p.m<\/b><\/strong>.<br \/>Organ and vocal concert in St. Mary&#8217;s Basilica,<br \/>prof. Krzysztof Micha\u0142ek and Capella Marialis (FREE ADMISSION)<\/p><p><strong><b>22 October 2022<\/b><\/strong><\/p><div>Free visiting of 2 branches of the Museum of Krakow (after prior registration in the system):<br \/>Rynek Underground: 9.00-10.00<\/div><div>Oskar Schindler\u2019s Enamel Factory: 17.00-18.00<\/div><p>\u00a0<\/p><p><strong><b>19-22 October 2022<\/b><\/strong><br \/>As attendees of the 4th International Congress of Polish History, feel free to visit other<br \/>branches of the Museum of Krakow from 19 to 22 October<br \/>(free of charge, without prior registration, upon presentation of your congress badge):<br \/>Krzysztofory Palace (a baroque mansion overlooking the Main Market Square),<br \/>Town Hall Tower, Krak\u00f3w\u2019s Barbican, Celestat (a showcase of Krak\u00f3w\u2019s unique<br \/>Sharpshooters\u2019 Brotherhood),<br \/>Zwierzyniec House (a display of a late 19th century suburban residence),<br \/>Old Synagogue, Old City Walls, Hipolit House (recreations of Polish bourgeois interiors),<br \/>Cross House (Krak\u00f3w\u2019s Theatre Museum),<br \/>Rydl\u00f3wka (a throwback to the M\u0142oda Polska movement),<br \/>Nowa Huta Museum (formerly the \u201cPRL Museum\u201d),<br \/>Podg\u00f3rze Museum (the history of the Podg\u00f3rze district),<br \/>Eagle Pharmacy Museum (a depiction of life in the Krak\u00f3w Ghetto),<br \/>Ulica Pomorska (\u201cFormer Gestapo Cells\u201d),<br \/>Thesaurus Cracoviensis (otherwise known as the Centre for Artefact Interpretation).<\/p>\t\t\t\t\t\t<\/div>\n\t\t\t\t<\/div>\n\t\t\t\t\t<\/div>\n\t\t<\/div>\n\t\t\t\t<div class=\"elementor-column elementor-col-50 elementor-top-column elementor-element elementor-element-33fcac03\" data-id=\"33fcac03\" data-element_type=\"column\">\n\t\t\t<div class=\"elementor-widget-wrap elementor-element-populated\">\n\t\t\t\t\t\t\t\t<section class=\"elementor-section elementor-inner-section elementor-element elementor-element-72f87a01 elementor-section-boxed elementor-section-height-default elementor-section-height-default\" data-id=\"72f87a01\" data-element_type=\"section\" data-settings=\"{&quot;background_background&quot;:&quot;classic&quot;}\">\n\t\t\t\t\t\t<div class=\"elementor-container elementor-column-gap-default\">\n\t\t\t\t\t<div class=\"elementor-column elementor-col-100 elementor-inner-column elementor-element elementor-element-1e1b39d3\" data-id=\"1e1b39d3\" data-element_type=\"column\">\n\t\t\t<div class=\"elementor-widget-wrap elementor-element-populated\">\n\t\t\t\t\t\t\t\t<div class=\"elementor-element elementor-element-4acb1a2f elementor-widget elementor-widget-heading\" data-id=\"4acb1a2f\" data-element_type=\"widget\" data-widget_type=\"heading.default\">\n\t\t\t\t<div class=\"elementor-widget-container\">\n\t\t\t<style>\/*! elementor - v3.8.0 - 30-10-2022 *\/\n.elementor-heading-title{padding:0;margin:0;line-height:1}.elementor-widget-heading .elementor-heading-title[class*=elementor-size-]>a{color:inherit;font-size:inherit;line-height:inherit}.elementor-widget-heading .elementor-heading-title.elementor-size-small{font-size:15px}.elementor-widget-heading .elementor-heading-title.elementor-size-medium{font-size:19px}.elementor-widget-heading .elementor-heading-title.elementor-size-large{font-size:29px}.elementor-widget-heading .elementor-heading-title.elementor-size-xl{font-size:39px}.elementor-widget-heading .elementor-heading-title.elementor-size-xxl{font-size:59px}<\/style><h2 class=\"elementor-heading-title elementor-size-default\">Sekretariat Kongresu<\/h2>\t\t<\/div>\n\t\t\t\t<\/div>\n\t\t\t\t<div class=\"elementor-element elementor-element-6f02c623 elementor-widget elementor-widget-spacer\" data-id=\"6f02c623\" data-element_type=\"widget\" data-widget_type=\"spacer.default\">\n\t\t\t\t<div class=\"elementor-widget-container\">\n\t\t\t\t\t<div class=\"elementor-spacer\">\n\t\t\t<div class=\"elementor-spacer-inner\"><\/div>\n\t\t<\/div>\n\t\t\t\t<\/div>\n\t\t\t\t<\/div>\n\t\t\t\t<div class=\"elementor-element elementor-element-1969593a elementor-widget elementor-widget-heading\" data-id=\"1969593a\" data-element_type=\"widget\" data-widget_type=\"heading.default\">\n\t\t\t\t<div class=\"elementor-widget-container\">\n\t\t\t<h2 class=\"elementor-heading-title elementor-size-default\">Polskie Towarzystwo Historyczne Oddzia\u0142 w Krakowie\nul. Go\u0142\u0119bia 13 31-007 Krak\u00f3w\nemail: <b>sekretariat.ivkongres@uj.edu.p<\/b>l<\/h2>\t\t<\/div>\n\t\t\t\t<\/div>\n\t\t\t\t\t<\/div>\n\t\t<\/div>\n\t\t\t\t\t\t\t<\/div>\n\t\t<\/section>\n\t\t\t\t<div class=\"elementor-element elementor-element-33704258 elementor-widget-divider--view-line elementor-widget elementor-widget-divider\" data-id=\"33704258\" data-element_type=\"widget\" data-widget_type=\"divider.default\">\n\t\t\t\t<div class=\"elementor-widget-container\">\n\t\t\t<style>\/*! elementor - v3.8.0 - 30-10-2022 *\/\n.elementor-widget-divider{--divider-border-style:none;--divider-border-width:1px;--divider-color:#2c2c2c;--divider-icon-size:20px;--divider-element-spacing:10px;--divider-pattern-height:24px;--divider-pattern-size:20px;--divider-pattern-url:none;--divider-pattern-repeat:repeat-x}.elementor-widget-divider .elementor-divider{display:-webkit-box;display:-ms-flexbox;display:flex}.elementor-widget-divider .elementor-divider__text{font-size:15px;line-height:1;max-width:95%}.elementor-widget-divider .elementor-divider__element{margin:0 var(--divider-element-spacing);-ms-flex-negative:0;flex-shrink:0}.elementor-widget-divider .elementor-icon{font-size:var(--divider-icon-size)}.elementor-widget-divider .elementor-divider-separator{display:-webkit-box;display:-ms-flexbox;display:flex;margin:0;direction:ltr}.elementor-widget-divider--view-line_icon .elementor-divider-separator,.elementor-widget-divider--view-line_text .elementor-divider-separator{-webkit-box-align:center;-ms-flex-align:center;align-items:center}.elementor-widget-divider--view-line_icon .elementor-divider-separator:after,.elementor-widget-divider--view-line_icon .elementor-divider-separator:before,.elementor-widget-divider--view-line_text .elementor-divider-separator:after,.elementor-widget-divider--view-line_text .elementor-divider-separator:before{display:block;content:\"\";border-bottom:0;-webkit-box-flex:1;-ms-flex-positive:1;flex-grow:1;border-top:var(--divider-border-width) var(--divider-border-style) var(--divider-color)}.elementor-widget-divider--element-align-left .elementor-divider .elementor-divider-separator>.elementor-divider__svg:first-of-type{-webkit-box-flex:0;-ms-flex-positive:0;flex-grow:0;-ms-flex-negative:100;flex-shrink:100}.elementor-widget-divider--element-align-left .elementor-divider-separator:before{content:none}.elementor-widget-divider--element-align-left .elementor-divider__element{margin-left:0}.elementor-widget-divider--element-align-right .elementor-divider .elementor-divider-separator>.elementor-divider__svg:last-of-type{-webkit-box-flex:0;-ms-flex-positive:0;flex-grow:0;-ms-flex-negative:100;flex-shrink:100}.elementor-widget-divider--element-align-right .elementor-divider-separator:after{content:none}.elementor-widget-divider--element-align-right .elementor-divider__element{margin-right:0}.elementor-widget-divider:not(.elementor-widget-divider--view-line_text):not(.elementor-widget-divider--view-line_icon) .elementor-divider-separator{border-top:var(--divider-border-width) var(--divider-border-style) var(--divider-color)}.elementor-widget-divider--separator-type-pattern{--divider-border-style:none}.elementor-widget-divider--separator-type-pattern.elementor-widget-divider--view-line .elementor-divider-separator,.elementor-widget-divider--separator-type-pattern:not(.elementor-widget-divider--view-line) .elementor-divider-separator:after,.elementor-widget-divider--separator-type-pattern:not(.elementor-widget-divider--view-line) .elementor-divider-separator:before,.elementor-widget-divider--separator-type-pattern:not([class*=elementor-widget-divider--view]) .elementor-divider-separator{width:100%;min-height:var(--divider-pattern-height);-webkit-mask-size:var(--divider-pattern-size) 100%;mask-size:var(--divider-pattern-size) 100%;-webkit-mask-repeat:var(--divider-pattern-repeat);mask-repeat:var(--divider-pattern-repeat);background-color:var(--divider-color);-webkit-mask-image:var(--divider-pattern-url);mask-image:var(--divider-pattern-url)}.elementor-widget-divider--no-spacing{--divider-pattern-size:auto}.elementor-widget-divider--bg-round{--divider-pattern-repeat:round}.rtl .elementor-widget-divider .elementor-divider__text{direction:rtl}.e-con-inner>.elementor-widget-divider,.e-con>.elementor-widget-divider{width:var(--container-widget-width,100%)}<\/style>\t\t<div class=\"elementor-divider\">\n\t\t\t<span class=\"elementor-divider-separator\">\n\t\t\t\t\t\t<\/span>\n\t\t<\/div>\n\t\t\t\t<\/div>\n\t\t\t\t<\/div>\n\t\t\t\t<div class=\"elementor-element elementor-element-11624023 elementor-widget elementor-widget-image\" data-id=\"11624023\" data-element_type=\"widget\" data-widget_type=\"image.default\">\n\t\t\t\t<div class=\"elementor-widget-container\">\n\t\t\t<style>\/*! elementor - v3.8.0 - 30-10-2022 *\/\n.elementor-widget-image{text-align:center}.elementor-widget-image a{display:inline-block}.elementor-widget-image a img[src$=\".svg\"]{width:48px}.elementor-widget-image img{vertical-align:middle;display:inline-block}<\/style>\t\t\t\t\t\t\t\t\t\t\t\t<img loading=\"lazy\" decoding=\"async\" width=\"800\" height=\"202\" src=\"https:\/\/coph2022.pl\/wp-content\/uploads\/2022\/06\/logo_tekst_pth-1024x258.png\" class=\"attachment-large size-large\" alt=\"\" srcset=\"https:\/\/coph2022.pl\/wp-content\/uploads\/2022\/06\/logo_tekst_pth-1024x258.png 1024w, https:\/\/coph2022.pl\/wp-content\/uploads\/2022\/06\/logo_tekst_pth-300x75.png 300w, https:\/\/coph2022.pl\/wp-content\/uploads\/2022\/06\/logo_tekst_pth-768x193.png 768w, https:\/\/coph2022.pl\/wp-content\/uploads\/2022\/06\/logo_tekst_pth.png 1391w\" sizes=\"(max-width: 800px) 100vw, 800px\" \/>\t\t\t\t\t\t\t\t\t\t\t\t\t\t\t<\/div>\n\t\t\t\t<\/div>\n\t\t\t\t<div class=\"elementor-element elementor-element-fd192a8 elementor-widget-divider--view-line elementor-widget elementor-widget-divider\" data-id=\"fd192a8\" data-element_type=\"widget\" data-widget_type=\"divider.default\">\n\t\t\t\t<div class=\"elementor-widget-container\">\n\t\t\t\t\t<div class=\"elementor-divider\">\n\t\t\t<span class=\"elementor-divider-separator\">\n\t\t\t\t\t\t<\/span>\n\t\t<\/div>\n\t\t\t\t<\/div>\n\t\t\t\t<\/div>\n\t\t\t\t<div class=\"elementor-element elementor-element-5f97e7ca elementor-widget elementor-widget-image\" data-id=\"5f97e7ca\" data-element_type=\"widget\" data-widget_type=\"image.default\">\n\t\t\t\t<div class=\"elementor-widget-container\">\n\t\t\t\t\t\t\t\t\t\t\t\t\t\t\t<img loading=\"lazy\" decoding=\"async\" width=\"800\" height=\"255\" src=\"https:\/\/coph2022.pl\/wp-content\/uploads\/2022\/06\/Bez-nazwy1-1024x326.jpg\" class=\"attachment-large size-large\" alt=\"\" srcset=\"https:\/\/coph2022.pl\/wp-content\/uploads\/2022\/06\/Bez-nazwy1-1024x326.jpg 1024w, https:\/\/coph2022.pl\/wp-content\/uploads\/2022\/06\/Bez-nazwy1-300x95.jpg 300w, https:\/\/coph2022.pl\/wp-content\/uploads\/2022\/06\/Bez-nazwy1-768x244.jpg 768w, https:\/\/coph2022.pl\/wp-content\/uploads\/2022\/06\/Bez-nazwy1-1536x489.jpg 1536w, https:\/\/coph2022.pl\/wp-content\/uploads\/2022\/06\/Bez-nazwy1.jpg 1873w\" sizes=\"(max-width: 800px) 100vw, 800px\" \/>\t\t\t\t\t\t\t\t\t\t\t\t\t\t\t<\/div>\n\t\t\t\t<\/div>\n\t\t\t\t<div class=\"elementor-element elementor-element-2c3c06b4 elementor-widget-divider--view-line elementor-widget elementor-widget-divider\" data-id=\"2c3c06b4\" data-element_type=\"widget\" data-widget_type=\"divider.default\">\n\t\t\t\t<div class=\"elementor-widget-container\">\n\t\t\t\t\t<div class=\"elementor-divider\">\n\t\t\t<span class=\"elementor-divider-separator\">\n\t\t\t\t\t\t<\/span>\n\t\t<\/div>\n\t\t\t\t<\/div>\n\t\t\t\t<\/div>\n\t\t\t\t<div class=\"elementor-element elementor-element-2aad687d elementor-widget elementor-widget-image\" data-id=\"2aad687d\" data-element_type=\"widget\" data-widget_type=\"image.default\">\n\t\t\t\t<div class=\"elementor-widget-container\">\n\t\t\t\t\t\t\t\t\t\t\t\t\t\t\t<img loading=\"lazy\" decoding=\"async\" width=\"800\" height=\"800\" src=\"https:\/\/coph2022.pl\/wp-content\/uploads\/2022\/06\/logoUP_organizator-1024x1024.png\" class=\"attachment-large size-large\" alt=\"\" srcset=\"https:\/\/coph2022.pl\/wp-content\/uploads\/2022\/06\/logoUP_organizator-1024x1024.png 1024w, https:\/\/coph2022.pl\/wp-content\/uploads\/2022\/06\/logoUP_organizator-300x300.png 300w, https:\/\/coph2022.pl\/wp-content\/uploads\/2022\/06\/logoUP_organizator-150x150.png 150w, https:\/\/coph2022.pl\/wp-content\/uploads\/2022\/06\/logoUP_organizator-768x769.png 768w, https:\/\/coph2022.pl\/wp-content\/uploads\/2022\/06\/logoUP_organizator.png 1439w\" sizes=\"(max-width: 800px) 100vw, 800px\" \/>\t\t\t\t\t\t\t\t\t\t\t\t\t\t\t<\/div>\n\t\t\t\t<\/div>\n\t\t\t\t<div class=\"elementor-element elementor-element-4b49f801 elementor-widget-divider--view-line elementor-widget elementor-widget-divider\" data-id=\"4b49f801\" data-element_type=\"widget\" data-widget_type=\"divider.default\">\n\t\t\t\t<div class=\"elementor-widget-container\">\n\t\t\t\t\t<div class=\"elementor-divider\">\n\t\t\t<span class=\"elementor-divider-separator\">\n\t\t\t\t\t\t<\/span>\n\t\t<\/div>\n\t\t\t\t<\/div>\n\t\t\t\t<\/div>\n\t\t\t\t\t<\/div>\n\t\t<\/div>\n\t\t\t\t\t\t\t<\/div>\n\t\t<\/section>\n\t\t\t\t\t\t\t<\/div>\n\t\t","protected":false},"excerpt":{"rendered":"<p>19 October 2022, 8 p.m.A formal banquet a banquet organized by the President of Krak\u00f3w,Wielopolski Palace, pl. Wszystkich \u015awi\u0119tych 3-4 (ENTRY ONLY BY INVITATION) 20 October 2022, 7 p.m.Organ and vocal concert in St. Mary&#8217;s Basilica,prof. Krzysztof Micha\u0142ek and Capella Marialis (FREE ADMISSION) 22 October 2022 Free visiting of 2 branches of the Museum of [&hellip;]<\/p>\n","protected":false},"author":1,"featured_media":0,"parent":0,"menu_order":0,"comment_status":"closed","ping_status":"closed","template":"elementor_header_footer","meta":{"footnotes":""},"_links":{"self":[{"href":"https:\/\/coph2022.pl\/index.php?rest_route=\/wp\/v2\/pages\/596"}],"collection":[{"href":"https:\/\/coph2022.pl\/index.php?rest_route=\/wp\/v2\/pages"}],"about":[{"href":"https:\/\/coph2022.pl\/index.php?rest_route=\/wp\/v2\/types\/page"}],"author":[{"embeddable":true,"href":"https:\/\/coph2022.pl\/index.php?rest_route=\/wp\/v2\/users\/1"}],"replies":[{"embeddable":true,"href":"https:\/\/coph2022.pl\/index.php?rest_route=%2Fwp%2Fv2%2Fcomments&post=596"}],"version-history":[{"count":10,"href":"https:\/\/coph2022.pl\/index.php?rest_route=\/wp\/v2\/pages\/596\/revisions"}],"predecessor-version":[{"id":1372,"href":"https:\/\/coph2022.pl\/index.php?rest_route=\/wp\/v2\/pages\/596\/revisions\/1372"}],"wp:attachment":[{"href":"https:\/\/coph2022.pl\/index.php?rest_route=%2Fwp%2Fv2%2Fmedia&parent=596"}],"curies":[{"name":"wp","href":"https:\/\/api.w.org\/{rel}","templated":true}]}}